{"id":997,"date":"2016-10-07T13:50:11","date_gmt":"2016-10-07T13:50:11","guid":{"rendered":"http:\/\/dentalia.orionthemes.com\/demo-1\/?page_id=997"},"modified":"2023-10-17T21:25:32","modified_gmt":"2023-10-17T19:25:32","slug":"consultas","status":"publish","type":"page","link":"https:\/\/servismile.pro\/index.php\/servicios\/odontologia-general\/consultas\/","title":{"rendered":"Consulta de salud bucal"},"content":{"rendered":"<div id=\"pl-997\"  class=\"panel-layout\" ><div id=\"pg-997-0\"  class=\"panel-grid panel-has-style\" ><div class=\"tablet-1-in-row mobile-1-in-row desktop-default panel-row-style panel-row-style-for-997-0\" ><div id=\"pgc-997-0-0\"  class=\"panel-grid-cell\" ><div id=\"panel-997-0-0-0\" class=\"so-panel widget widget_orion_heading_w panel-first-child\" data-index=\"0\" ><div class=\"orion mobile-text-center tablets-text-center default panel-widget-style panel-widget-style-for-997-0-0-0\" ><div class=\"so-widget-orion_heading_w so-widget-orion_heading_w-base\">\n\t\t\t<div class=\"row orion-heading\" style=\"margin-bottom:0px;\">\n\t\t<div class=\"col-md-12  separator-style-1 text-left style-h6 style-primary-color\">\n\t\t\t<h6 class=\"primary-color\">\n\t\t\t\tNUESTRO REGALO A NUEVOS PACIENTES\t\t\t<\/h6>\n\t\t<\/div>\n\t<\/div>\n\n\t<\/div><\/div><\/div><div id=\"panel-997-0-0-1\" class=\"so-panel widget widget_orion_heading_w\" data-index=\"1\" ><div class=\"orion mobile-text-center tablets-text-center default panel-widget-style panel-widget-style-for-997-0-0-1\" ><div class=\"so-widget-orion_heading_w so-widget-orion_heading_w-base\">\n\t\t\t<div class=\"row orion-heading\" style=\"margin-bottom:0px;\">\n\t\t<div class=\"col-md-12   text-left style-h2 style-text-dark\">\n\t\t\t<h2 class=\"text-dark\">\n\t\t\t\t Consulta de cortes\u00eda\t\t\t<\/h2>\n\t\t<\/div>\n\t<\/div>\n\n\t<\/div><\/div><\/div><div id=\"panel-997-0-0-2\" class=\"so-panel widget widget_sow-editor panel-last-child\" data-index=\"2\" ><div class=\"orion mobile-text-center tablets-text-center default panel-widget-style panel-widget-style-for-997-0-0-2\" ><div class=\"so-widget-sow-editor so-widget-sow-editor-base\">\n<div class=\"siteorigin-widget-tinymce textwidget\">\n\t<p class=\"lead\"><strong>Tu sonrisa nos importa, por eso tu primera consulta de salud bucal en nuestra cl\u00ednica es completamente gratuita.<\/strong><\/p>\n<p class=\"lead\">Nuestros dentistas desarrollar\u00e1n un plan de restauraci\u00f3n para sus dientes basado en una tomograf\u00eda computarizada digital y un examen dental profesional. Una vez que est\u00e9 completamente satisfecho con las soluciones sugeridas, comenzaremos el tratamiento. \u00a1D\u00e9janos regalarte la sonrisa de tus sue\u00f1os!<\/p>\n<\/div>\n<\/div><\/div><\/div><\/div><div id=\"pgc-997-0-1\"  class=\"panel-grid-cell\" ><div id=\"panel-997-0-1-0\" class=\"so-panel widget widget_orion_image_w panel-first-child panel-last-child\" data-index=\"3\" ><div class=\"orion mobile-text-center default panel-widget-style panel-widget-style-for-997-0-1-0\" ><div class=\"so-widget-orion_image_w so-widget-orion_image_w-base\">\n<div class=\"image-w relative\">\n\n\t\t\t\t\n\t\t\t\t\t<div class=\"orion_circle image-wrap rounded overlay-none overlay-hover-none\">\n\t\t\n\t\t\t\t<div class=\"circle-wrap\">\n\t\t\t\t\t<img fetchpriority=\"high\" decoding=\"async\" width=\"750\" height=\"750\" src=\"https:\/\/servismile.pro\/wp-content\/uploads\/2023\/10\/odontologos-750x750.jpg\" class=\"attachment-orion_square size-orion_square\" alt=\"\" \/>\t\t\t<div class=\"overlay\"><\/div>\n\t\t\t\t<\/div>\n\t\t\n\t\t\t\t\t<\/div>\n\t\t\t\n\t\n\t<div class=\"absolute\">\n\t\t<div class=\"hover-desc table-wrap\">\n\t\t\t<div class=\"cell-wrap\">\n\t\t\t\t<h4 class=\"text-light\"><\/h4>\n\t\t\t<\/div>\n\t\t<\/div>\n\t<\/div>\t\t\t\t\t\n<\/div>\n\n<\/div><\/div><\/div><\/div><\/div><\/div><div id=\"pg-997-1\"  class=\"panel-grid panel-has-style\" ><div class=\"siteorigin-panels-stretch tablet-1-in-row mobile-1-in-row desktop-default text-dark overlay-c3 orion-collapse-below-lg panel-row-style panel-row-style-for-997-1\" data-stretch-type=\"full-stretched\" data-svg-bottom-color=\"#f8f8f8\" data-svg-top-color=\"#f8f8f8\" ><div id=\"pgc-997-1-0\"  class=\"panel-grid-cell\" ><div class=\"panel-cell-style panel-cell-style-for-997-1-0\" ><div id=\"panel-997-1-0-0\" class=\"so-panel widget widget_orion_empty_space_w panel-first-child panel-last-child\" data-index=\"4\" ><div class=\"orion default panel-widget-style panel-widget-style-for-997-1-0-0\" ><div class=\"so-widget-orion_empty_space_w so-widget-orion_empty_space_w-base\">\t<div class=\"row empty-space  visible-lg visible-md\" style=\"height:360px;\">\n\t<\/div><\/div><\/div><\/div><\/div><\/div><div id=\"pgc-997-1-1\"  class=\"panel-grid-cell\" ><div id=\"panel-997-1-1-0\" class=\"so-panel widget widget_orion_icon_text_w panel-first-child panel-last-child\" data-index=\"5\" ><div class=\"orion default panel-widget-style panel-widget-style-for-997-1-1-0\" ><div class=\"so-widget-orion_icon_text_w so-widget-orion_icon_text_w-base\">\n<div class=\"row icon-box-items-wrap grid icon-top\">\n \n\t\n\t\t\n\t\t\n\t\t\t\t\n\t\t\n\t\t<div class=\"icon-box-wrap clearfix col-lg-6 col-sm-6 text-light\" style=\"margin-bottom:60px;\">\t\t\n\n\t\t\t\t\t\t\t\t\t\t<div class=\"icon-wrap relative  simple\">\n\t\t\t\t\t<span class=\"sow-icon-dentalicons2\" data-sow-icon=\"&#xe91b;\" style=\"color: #ffffff\"><\/span>\t\t\t\t\t\t\t\t\t<\/div>\n\t\t\t\n\t\t\t<h4 class=\"item-title\"> Tomograf\u00eda computarizada digital<\/h4>\t\t\t\n\n\t\t\t<span class=\"description\">Se realizara una tomograf\u00eda computarizada digital en 3D de sus dientes<\/span>\n\n\t\t<\/div>\n\t\n\t\t\n\t\t\n\t\t\t\t\n\t\t\n\t\t<div class=\"icon-box-wrap clearfix col-lg-6 col-sm-6 text-light\" style=\"margin-bottom:60px;\">\t\t\n\n\t\t\t\t\t\t\t\t\t\t<div class=\"icon-wrap relative  simple\">\n\t\t\t\t\t<span class=\"sow-icon-dentalicons2\" data-sow-icon=\"&#xe919;\" style=\"color: #ffffff\"><\/span>\t\t\t\t\t\t\t\t\t<\/div>\n\t\t\t\n\t\t\t<h4 class=\"item-title\">Consulta profesional<\/h4>\t\t\t\n\n\t\t\t<span class=\"description\">Discutiremos sus principales problemas y sus deseos con respecto a sus dientes<\/span>\n\n\t\t<\/div>\n\t\n\t\t\n\t\t\n\t\t\t\t\n\t\t\n\t\t<div class=\"icon-box-wrap clearfix col-lg-6 col-sm-6 text-light\" style=\"margin-bottom:60px;\">\t\t\n\n\t\t\t\t\t\t\t\t\t\t<div class=\"icon-wrap relative  simple\">\n\t\t\t\t\t<span class=\"sow-icon-dentalicons2\" data-sow-icon=\"&#xe913;\" style=\"color: #ffffff\"><\/span>\t\t\t\t\t\t\t\t\t<\/div>\n\t\t\t\n\t\t\t<h4 class=\"item-title\"> Examen dental<\/h4>\t\t\t\n\n\t\t\t<span class=\"description\">A esto le sigue un examen profesional de los dientes y las enc\u00edas<\/span>\n\n\t\t<\/div>\n\t\n\t\t\n\t\t\n\t\t\t\t\n\t\t\n\t\t<div class=\"icon-box-wrap clearfix col-lg-6 col-sm-6 text-light\" style=\"margin-bottom:60px;\">\t\t\n\n\t\t\t\t\t\t\t\t\t\t<div class=\"icon-wrap relative  simple\">\n\t\t\t\t\t<span class=\"sow-icon-dentalicons2\" data-sow-icon=\"&#xe912;\" style=\"color: #ffffff\"><\/span>\t\t\t\t\t\t\t\t\t<\/div>\n\t\t\t\n\t\t\t<h4 class=\"item-title\"> Plan de tratamiento completo<\/h4>\t\t\t\n\n\t\t\t<span class=\"description\">Dise\u00f1amos un plan de tratamiento completo para restaurar su sonrisa saludable<\/span>\n\n\t\t<\/div>\n\t\n<\/div><\/div><\/div><\/div><\/div><\/div><\/div><div id=\"pg-997-2\"  class=\"panel-grid panel-has-style\" ><div class=\"siteorigin-panels-stretch orion-separator bottom-svg-4 bottom-svg-inside tablet-1-in-row mobile-1-in-row desktop-default overlay-dark panel-row-style panel-row-style-for-997-2\" data-stretch-type=\"full\" ><div id=\"pgc-997-2-0\"  class=\"panel-grid-cell panel-grid-cell-empty\" ><\/div><div id=\"pgc-997-2-1\"  class=\"panel-grid-cell panel-grid-cell-mobile-last\" ><div id=\"panel-997-2-1-0\" class=\"so-panel widget widget_orion_heading_w panel-first-child\" data-index=\"6\" ><div class=\"orion default panel-widget-style panel-widget-style-for-997-2-1-0\" ><div class=\"so-widget-orion_heading_w so-widget-orion_heading_w-base\">\n\t\t\t<div class=\"row orion-heading\" style=\"margin-bottom:0px;\">\n\t\t<div class=\"col-md-12  separator-style-2 text-center style-h2 style-text-light\">\n\t\t\t<h2 class=\"text-light\">\n\t\t\t\tSOLICITA UNA VALORACI\u00d3N GRATUITA\t\t\t<\/h2>\n\t\t<\/div>\n\t<\/div>\n\n\t<\/div><\/div><\/div><div id=\"panel-997-2-1-1\" class=\"so-panel widget widget_orion_cf7_w\" data-index=\"7\" ><div class=\"orion default panel-widget-style panel-widget-style-for-997-2-1-1\" ><div class=\"so-widget-orion_cf7_w so-widget-orion_cf7_w-base\"><div role=\"form\" class=\"wpcf7\" id=\"wpcf7-f913-o1\" lang=\"en-US\" dir=\"ltr\">\n<div class=\"screen-reader-response\"><\/div>\n<form action=\"\/index.php\/wp-json\/wp\/v2\/pages\/997#wpcf7-f913-o1\" method=\"post\" class=\"wpcf7-form\" novalidate=\"novalidate\">\n<div style=\"display: none;\">\n<input type=\"hidden\" name=\"_wpcf7\" value=\"913\" \/>\n<input type=\"hidden\" name=\"_wpcf7_version\" value=\"5.1.4\" \/>\n<input type=\"hidden\" name=\"_wpcf7_locale\" value=\"en_US\" \/>\n<input type=\"hidden\" name=\"_wpcf7_unit_tag\" value=\"wpcf7-f913-o1\" \/>\n<input type=\"hidden\" name=\"_wpcf7_container_post\" value=\"0\" \/>\n<\/div>\n<div class=\"wpcf7-form row\">\n<div class=\"col-md-6 name\"><span class=\"wpcf7-form-control-wrap text-name\"><input type=\"text\" name=\"text-name\" value=\"\" size=\"40\" class=\"wpcf7-form-control wpcf7-text wpcf7-validates-as-required\" aria-required=\"true\" aria-invalid=\"false\" placeholder=\"Nombre completo\" \/><\/span><\/div>\n<div class=\"col-md-6 phone\"><span class=\"wpcf7-form-control-wrap text-phone\"><input type=\"text\" name=\"text-phone\" value=\"\" size=\"40\" class=\"wpcf7-form-control wpcf7-text wpcf7-validates-as-required\" aria-required=\"true\" aria-invalid=\"false\" placeholder=\"N\u00famero de tel\u00e9fono\" \/><\/span><\/div>\n<div class=\"col-md-12 email\"><span class=\"wpcf7-form-control-wrap email-777\"><input type=\"email\" name=\"email-777\" value=\"\" size=\"40\" class=\"wpcf7-form-control wpcf7-text wpcf7-email wpcf7-validates-as-required wpcf7-validates-as-email\" aria-required=\"true\" aria-invalid=\"false\" placeholder=\"E-mail\" \/><\/span><\/div>\n<div class=\"col-md-12\"><span class=\"wpcf7-form-control-wrap textarea-notes\"><textarea name=\"textarea-notes\" cols=\"40\" rows=\"10\" class=\"wpcf7-form-control wpcf7-textarea\" aria-invalid=\"false\" placeholder=\"Cu\u00e9ntanos como te podemos ayudar hoy\"><\/textarea><\/span><\/div>\n<div class=\"col-md-8 select\"><span class=\"wpcf7-form-control-wrap reply\"><select name=\"reply\" class=\"wpcf7-form-control wpcf7-select form-control\" aria-invalid=\"false\"><option value=\"\u00bfComo quieres una respuesta?\">\u00bfComo quieres una respuesta?<\/option><option value=\"Recibir una respuesta a trav\u00e9s de correo electr\u00f3nico\">Recibir una respuesta a trav\u00e9s de correo electr\u00f3nico<\/option><option value=\"Recibir una respuesta a trav\u00e9s de una llamada\">Recibir una respuesta a trav\u00e9s de una llamada<\/option><\/select><\/span><\/div>\n<div class=\"col-md-4\"><input type=\"submit\" value=\"Enviar\" class=\"wpcf7-form-control wpcf7-submit btn btn-c1 btn-lg btn-block\" \/><\/div>\n<\/div>\n<div class=\"wpcf7-response-output wpcf7-display-none\"><\/div><\/form><\/div><\/div><\/div><\/div><div id=\"panel-997-2-1-2\" class=\"so-panel widget widget_sow-editor panel-last-child\" data-index=\"8\" ><div class=\"orion text-light panel-widget-style panel-widget-style-for-997-2-1-2\" ><div class=\"so-widget-sow-editor so-widget-sow-editor-base\">\n<div class=\"siteorigin-widget-tinymce textwidget\">\n\t<p class=\"lead\" style=\"text-align: center;\">Rellena el formulario y nos pondremos en contacto contigo durante nuestro horario laboral. La atenci\u00f3n dental de urgencia se brindar\u00e1 generalmente el mismo d\u00eda.<\/p>\n<\/div>\n<\/div><\/div><\/div><\/div><div id=\"pgc-997-2-2\"  class=\"panel-grid-cell panel-grid-cell-empty\" ><\/div><\/div><\/div><div id=\"pg-997-3\"  class=\"panel-grid panel-has-style\" ><div class=\"tablet-1-in-row mobile-1-in-row desktop-default panel-row-style panel-row-style-for-997-3\" ><div id=\"pgc-997-3-0\"  class=\"panel-grid-cell\" ><div id=\"panel-997-3-0-0\" class=\"so-panel widget widget_orion_upload_w panel-first-child panel-last-child\" data-index=\"9\" ><div class=\"orion default panel-widget-style panel-widget-style-for-997-3-0-0\" ><div class=\"so-widget-orion_upload_w so-widget-orion_upload_w-base\"><div class=\"row button-wrap\">\n\t\t\t<div class=\"col-md-12 entry-header\">\n\t\t\t<h3 class=\"widget-title \">PATIENT FORMS<\/h3>\n\t\t<\/div>\n\t\n\t\n\t\t\t\t<div class=\"col-md-12\">\t\t\n\t\t\t<a class=\"btn-download icon-right btn btn-flat\" href=\"\" download=\"\">\n\t\t\t\t\t Formulario de bienvenida\t\t\t\t\t\t\t\t\t\t\t<span class=\"sow-icon-eleganticons\" data-sow-icon=\"&#xe004;\" ><\/span>\t\n\t\t\t\t\t\t\t\t\t\t<span class=\"orionicon orionicon-icon_check btn-visited\"><\/span>\n\t\t\t<\/a>\n\t\t<\/div>\n\t\n\t\t\t\t<div class=\"col-md-12\">\t\t\n\t\t\t<a class=\"btn-download icon-right btn btn-flat\" href=\"\" download=\"\">\n\t\t\t\t\t Pol\u00edtica de oficina\t\t\t\t\t\t\t\t\t\t\t<span class=\"sow-icon-eleganticons\" data-sow-icon=\"&#xe004;\" ><\/span>\t\n\t\t\t\t\t\t\t\t\t\t<span class=\"orionicon orionicon-icon_check btn-visited\"><\/span>\n\t\t\t<\/a>\n\t\t<\/div>\n\t\n\t\t\t\t<div class=\"col-md-12\">\t\t\n\t\t\t<a class=\"btn-download icon-right btn btn-flat\" href=\"\" download=\"\">\n\t\t\t\t\tFormulario de responsabilidad\t\t\t\t\t\t\t\t\t\t\t<span class=\"sow-icon-eleganticons\" data-sow-icon=\"&#xe004;\" ><\/span>\t\n\t\t\t\t\t\t\t\t\t\t<span class=\"orionicon orionicon-icon_check btn-visited\"><\/span>\n\t\t\t<\/a>\n\t\t<\/div>\n\t\n<\/div><\/div><\/div><\/div><\/div><div id=\"pgc-997-3-1\"  class=\"panel-grid-cell\" ><div id=\"panel-997-3-1-0\" class=\"so-panel widget widget_sow-editor panel-first-child panel-last-child\" data-index=\"10\" ><div class=\"orion default panel-widget-style panel-widget-style-for-997-3-1-0\" ><div class=\"so-widget-sow-editor so-widget-sow-editor-base\"><h3 class=\"widget-title\">SEGURO<\/h3>\n<div class=\"siteorigin-widget-tinymce textwidget\">\n\t<p>En nuestra cl\u00ednica, entendemos la importancia de la tranquilidad cuando se trata de tu salud bucodental. Por eso, ofrecemos un seguro dental completo que abarca desde tratamientos de rutina hasta intervenciones complejas. Con nuestro seguro, puedes acceder a atenci\u00f3n de calidad sin preocuparte por los costos inesperados. Estamos comprometidos a brindarte una sonrisa saludable y hermosa, respaldada por un plan de seguro dise\u00f1ado para tu comodidad y paz mental.<\/p>\n<\/div>\n<\/div><\/div><\/div><\/div><div id=\"pgc-997-3-2\"  class=\"panel-grid-cell\" ><div id=\"panel-997-3-2-0\" class=\"so-panel widget widget_sow-editor panel-first-child panel-last-child\" data-index=\"11\" ><div class=\"orion default panel-widget-style panel-widget-style-for-997-3-2-0\" ><div class=\"so-widget-sow-editor so-widget-sow-editor-base\"><h3 class=\"widget-title\">M\u00c9TODOS DE PAGO<\/h3>\n<div class=\"siteorigin-widget-tinymce textwidget\">\n\t<p>Tu experiencia con nosotros es importante, y queremos hacerla lo m\u00e1s conveniente posible. Aceptamos una variedad de m\u00e9todos de pago, incluidas tarjetas de cr\u00e9dito, d\u00e9bito y pagos en efectivo. Adem\u00e1s, ofrecemos opciones de financiamiento flexibles para que puedas recibir el tratamiento que necesitas sin comprometer tu presupuesto. Con nosotros, el acceso a una atenci\u00f3n odontol\u00f3gica de calidad se combina con opciones de pago que se adaptan a tus necesidades financieras.<\/p>\n<\/div>\n<\/div><\/div><\/div><\/div><\/div><\/div><\/div>","protected":false},"excerpt":{"rendered":"<p>Tu sonrisa nos importa, por eso tu primera consulta de salud bucal en nuestra cl\u00ednica es completamente gratuita.<\/p>\n","protected":false},"author":1,"featured_media":2513,"parent":1056,"menu_order":0,"comment_status":"closed","ping_status":"closed","template":"","meta":{"footnotes":""},"class_list":["post-997","page","type-page","status-publish","has-post-thumbnail","hentry"],"_links":{"self":[{"href":"https:\/\/servismile.pro\/index.php\/wp-json\/wp\/v2\/pages\/997","targetHints":{"allow":["GET"]}}],"collection":[{"href":"https:\/\/servismile.pro\/index.php\/wp-json\/wp\/v2\/pages"}],"about":[{"href":"https:\/\/servismile.pro\/index.php\/wp-json\/wp\/v2\/types\/page"}],"author":[{"embeddable":true,"href":"https:\/\/servismile.pro\/index.php\/wp-json\/wp\/v2\/users\/1"}],"replies":[{"embeddable":true,"href":"https:\/\/servismile.pro\/index.php\/wp-json\/wp\/v2\/comments?post=997"}],"version-history":[{"count":7,"href":"https:\/\/servismile.pro\/index.php\/wp-json\/wp\/v2\/pages\/997\/revisions"}],"predecessor-version":[{"id":2896,"href":"https:\/\/servismile.pro\/index.php\/wp-json\/wp\/v2\/pages\/997\/revisions\/2896"}],"up":[{"embeddable":true,"href":"https:\/\/servismile.pro\/index.php\/wp-json\/wp\/v2\/pages\/1056"}],"wp:featuredmedia":[{"embeddable":true,"href":"https:\/\/servismile.pro\/index.php\/wp-json\/wp\/v2\/media\/2513"}],"wp:attachment":[{"href":"https:\/\/servismile.pro\/index.php\/wp-json\/wp\/v2\/media?parent=997"}],"curies":[{"name":"wp","href":"https:\/\/api.w.org\/{rel}","templated":true}]}}