{"id":975,"date":"2016-10-07T13:21:46","date_gmt":"2016-10-07T13:21:46","guid":{"rendered":"http:\/\/dentalia.orionthemes.com\/demo-1\/?page_id=975"},"modified":"2023-10-21T18:13:11","modified_gmt":"2023-10-21T23:13:11","slug":"nosotros","status":"publish","type":"page","link":"https:\/\/servismile.pro\/index.php\/nosotros\/","title":{"rendered":"Nosotros"},"content":{"rendered":"<div id=\"pl-975\"  class=\"panel-layout\" ><div id=\"pg-975-0\"  class=\"panel-grid panel-has-style\" ><div class=\"siteorigin-panels-stretch orion-separator bottom-svg-6 bottom-svg-inside hidden-sm hidden-xs desktop-default overlay-light panel-row-style panel-row-style-for-975-0\" data-siteorigin-parallax=\"{&quot;backgroundUrl&quot;:&quot;https:\\\/\\\/servismile.pro\\\/wp-content\\\/uploads\\\/revslider\\\/dentalia-demo-bg-2.jpg&quot;,&quot;backgroundSize&quot;:[1920,1280],&quot;backgroundSizing&quot;:&quot;scaled&quot;,&quot;limitMotion&quot;:&quot;auto&quot;}\" data-stretch-type=\"full-stretched\" ><div id=\"pgc-975-0-0\"  class=\"panel-grid-cell\" ><div id=\"panel-975-0-0-0\" class=\"so-panel widget widget_orion_empty_space_w panel-first-child\" data-index=\"0\" ><div class=\"orion default panel-widget-style panel-widget-style-for-975-0-0-0\" ><div class=\"so-widget-orion_empty_space_w so-widget-orion_empty_space_w-base\">\t<div class=\"row empty-space  visible-lg visible-md visible-sm visible-xs\" style=\"height:200px;\">\n\t<\/div><\/div><\/div><\/div><div id=\"panel-975-0-0-1\" class=\"so-panel widget widget_orion_empty_space_w\" data-index=\"1\" ><div class=\"orion default panel-widget-style panel-widget-style-for-975-0-0-1\" ><div class=\"so-widget-orion_empty_space_w so-widget-orion_empty_space_w-base\">\t<div class=\"row empty-space  visible-md\" style=\"height:480px;\">\n\t<\/div><\/div><\/div><\/div><div id=\"panel-975-0-0-2\" class=\"so-panel widget widget_orion_empty_space_w panel-last-child\" data-index=\"2\" ><div class=\"orion default panel-widget-style panel-widget-style-for-975-0-0-2\" ><div class=\"so-widget-orion_empty_space_w so-widget-orion_empty_space_w-base\">\t<div class=\"row empty-space  visible-sm visible-xs\" style=\"height:300px;\">\n\t<\/div><\/div><\/div><\/div><\/div><\/div><\/div><div id=\"pg-975-1\"  class=\"panel-grid panel-has-style\" ><div class=\"tablet-1-in-row mobile-1-in-row desktop-default panel-row-style panel-row-style-for-975-1\" ><div id=\"pgc-975-1-0\"  class=\"panel-grid-cell\" ><div id=\"panel-975-1-0-0\" class=\"so-panel widget widget_orion_heading_w panel-first-child\" data-index=\"3\" ><div class=\"orion mobile-text-center tablets-text-center default panel-widget-style panel-widget-style-for-975-1-0-0\" ><div class=\"so-widget-orion_heading_w so-widget-orion_heading_w-base\">\n\t\t\t<div class=\"row orion-heading\" style=\"margin-bottom:0px;\">\n\t\t<div class=\"col-md-12  separator-style-1 text-left style-h6 style-primary-color\">\n\t\t\t<h6 class=\"primary-color\">\n\t\t\t\tSOMOS SERVISMILE\t\t\t<\/h6>\n\t\t<\/div>\n\t<\/div>\n\n\t<\/div><\/div><\/div><div id=\"panel-975-1-0-1\" class=\"so-panel widget widget_orion_heading_w\" data-index=\"4\" ><div class=\"orion mobile-text-center tablets-text-center default panel-widget-style panel-widget-style-for-975-1-0-1\" ><div class=\"so-widget-orion_heading_w so-widget-orion_heading_w-base\">\n\t\t\t<div class=\"row orion-heading\" style=\"margin-bottom:0px;\">\n\t\t<div class=\"col-md-12   text-left style-h2 style-text-dark\">\n\t\t\t<h2 class=\"text-dark\">\n\t\t\t\tCreando hermosas sonrisas\t\t\t<\/h2>\n\t\t<\/div>\n\t<\/div>\n\n\t<\/div><\/div><\/div><div id=\"panel-975-1-0-2\" class=\"so-panel widget widget_sow-editor panel-last-child\" data-index=\"5\" ><div class=\"orion mobile-text-center tablets-text-center default panel-widget-style panel-widget-style-for-975-1-0-2\" ><div class=\"so-widget-sow-editor so-widget-sow-editor-base\">\n<div class=\"siteorigin-widget-tinymce textwidget\">\n\t<p class=\"lead\">Servismile es una cl\u00ednica dental moderna, especializada en el diagn\u00f3stico avanzado y tratamiento de las enfermedades dentales. Garantizamos diagn\u00f3sticos integrales y ofrecemos diversas formas de atenci\u00f3n dental, procedimientos quir\u00fargicos y servicios dentales cosm\u00e9ticos.<\/p>\n<\/div>\n<\/div><\/div><\/div><\/div><div id=\"pgc-975-1-1\"  class=\"panel-grid-cell\" ><div id=\"panel-975-1-1-0\" class=\"so-panel widget widget_orion_image_w panel-first-child panel-last-child\" data-index=\"6\" ><div class=\"orion mobile-text-center tablets-text-center default panel-widget-style panel-widget-style-for-975-1-1-0\" ><div class=\"so-widget-orion_image_w so-widget-orion_image_w-base\">\n<div class=\"image-w relative\">\n\n\t\t\t\t\n\t\t\t\t\t<div class=\"orion_circle image-wrap rounded overlay-none overlay-hover-none\">\n\t\t\n\t\t\t\t<div class=\"circle-wrap\">\n\t\t\t\t\t<img fetchpriority=\"high\" decoding=\"async\" width=\"750\" height=\"750\" src=\"https:\/\/servismile.pro\/wp-content\/uploads\/2023\/10\/dentista-haciendo-tratamiento-dental-nino-clinica-750x750.jpg\" class=\"attachment-orion_square size-orion_square\" alt=\"\" \/>\t\t\t<div class=\"overlay\"><\/div>\n\t\t\t\t<\/div>\n\t\t\n\t\t\t\t\t<\/div>\n\t\t\t\n\t\n\t<div class=\"absolute\">\n\t\t<div class=\"hover-desc table-wrap\">\n\t\t\t<div class=\"cell-wrap\">\n\t\t\t\t<h4 class=\"text-light\"><\/h4>\n\t\t\t<\/div>\n\t\t<\/div>\n\t<\/div>\t\t\t\t\t\n<\/div>\n\n<\/div><\/div><\/div><\/div><\/div><\/div><div id=\"pg-975-2\"  class=\"panel-grid panel-has-style\" ><div class=\"siteorigin-panels-stretch orion-separator top-svg-4 top-svg-inside bottom-svg-4 bottom-svg-inside tablet-2-in-row mobile-1-in-row desktop-default panel-row-style panel-row-style-for-975-2\" data-stretch-type=\"full\" ><div id=\"pgc-975-2-0\"  class=\"panel-grid-cell\" ><div id=\"panel-975-2-0-0\" class=\"so-panel widget widget_orion_list_w panel-first-child panel-last-child\" data-index=\"7\" ><div class=\"orion default panel-widget-style panel-widget-style-for-975-2-0-0\" ><div class=\"so-widget-orion_list_w so-widget-orion_list_w-base\"><div class=\"row button-wrap\">\n\t\n\t<div class=\"list-wrap col-md-12\">\n\t\t<ul class=\"no-liststyle size-normal\" style=\"background:transparent\">\n\t\t\t\t\n\t\t<li class=\"text-default\" style='padding-bottom:36px;'>\n\t\t\t\t\t\t\t<span class=\"icon\">\n\t\t\t\t\t<span class=\"sow-icon-dentalicons2\" data-sow-icon=\"&#xe914;\" style=\"color: #00BCD4\"><\/span>\t\t\t\t<\/span>\n\t\t\t\t\t\t\t<div class=\"wrapper\">\n\t\t\t\t\tDoctores amigables\t\t\t\t<\/div>\n\t\t<\/li>\t\n\n\t\t\t\t\n\t\t<li class=\"text-default\" style='padding-bottom:36px;'>\n\t\t\t\t\t\t\t<span class=\"icon\">\n\t\t\t\t\t<span class=\"sow-icon-dentalicons2\" data-sow-icon=\"&#xe919;\" style=\"color: #00BCD4\"><\/span>\t\t\t\t<\/span>\n\t\t\t\t\t\t\t<div class=\"wrapper\">\n\t\t\t\t\t Oficinas c\u00f3modas\t\t\t\t<\/div>\n\t\t<\/li>\t\n\n\t\t\t\t\n\t\t<li class=\"text-default\" style='padding-bottom:36px;'>\n\t\t\t\t\t\t\t<span class=\"icon\">\n\t\t\t\t\t<span class=\"sow-icon-dentalicons2\" data-sow-icon=\"&#xe922;\" style=\"color: #00BCD4\"><\/span>\t\t\t\t<\/span>\n\t\t\t\t\t\t\t<div class=\"wrapper\">\n\t\t\t\t\tOdontolog\u00eda L\u00e1ser\t\t\t\t<\/div>\n\t\t<\/li>\t\n\n\t\t\t<\/ul>\n\t<\/div>\n<\/div><\/div><\/div><\/div><\/div><div id=\"pgc-975-2-1\"  class=\"panel-grid-cell\" ><div id=\"panel-975-2-1-0\" class=\"so-panel widget widget_orion_list_w panel-first-child panel-last-child\" data-index=\"8\" ><div class=\"orion default panel-widget-style panel-widget-style-for-975-2-1-0\" ><div class=\"so-widget-orion_list_w so-widget-orion_list_w-base\"><div class=\"row button-wrap\">\n\t\n\t<div class=\"list-wrap col-md-12\">\n\t\t<ul class=\"no-liststyle size-normal\" style=\"background:transparent\">\n\t\t\t\t\n\t\t<li class=\"text-default\" style='padding-bottom:36px;'>\n\t\t\t\t\t\t\t<span class=\"icon\">\n\t\t\t\t\t<span class=\"sow-icon-fontawesome sow-far\" data-sow-icon=\"&#xf118;\" style=\"color: #00BCD4\"><\/span>\t\t\t\t<\/span>\n\t\t\t\t\t\t\t<div class=\"wrapper\">\n\t\t\t\t\tIdeal para familias\t\t\t\t<\/div>\n\t\t<\/li>\t\n\n\t\t\t\t\n\t\t<li class=\"text-default\" style='padding-bottom:36px;'>\n\t\t\t\t\t\t\t<span class=\"icon\">\n\t\t\t\t\t<span class=\"sow-icon-eleganticons\" data-sow-icon=\"&#xe009;\" style=\"color: #00BCD4\"><\/span>\t\t\t\t<\/span>\n\t\t\t\t\t\t\t<div class=\"wrapper\">\n\t\t\t\t\tUbicaci\u00f3n conveniente\t\t\t\t<\/div>\n\t\t<\/li>\t\n\n\t\t\t\t\n\t\t<li class=\"text-default\" style='padding-bottom:36px;'>\n\t\t\t\t\t\t\t<span class=\"icon\">\n\t\t\t\t\t<span class=\"sow-icon-eleganticons\" data-sow-icon=\"&#x7d;\" style=\"color: #00BCD4\"><\/span>\t\t\t\t<\/span>\n\t\t\t\t\t\t\t<div class=\"wrapper\">\n\t\t\t\t\tPoco o ning\u00fan tiempo de espera\t\t\t\t<\/div>\n\t\t<\/li>\t\n\n\t\t\t<\/ul>\n\t<\/div>\n<\/div><\/div><\/div><\/div><\/div><div id=\"pgc-975-2-2\"  class=\"panel-grid-cell\" ><div id=\"panel-975-2-2-0\" class=\"so-panel widget widget_orion_list_w panel-first-child panel-last-child\" data-index=\"9\" ><div class=\"orion default panel-widget-style panel-widget-style-for-975-2-2-0\" ><div class=\"so-widget-orion_list_w so-widget-orion_list_w-base\"><div class=\"row button-wrap\">\n\t\n\t<div class=\"list-wrap col-md-12\">\n\t\t<ul class=\"no-liststyle size-normal\" style=\"background:transparent\">\n\t\t\t\t\n\t\t<li class=\"text-default\" style='padding-bottom:36px;'>\n\t\t\t\t\t\t\t<span class=\"icon\">\n\t\t\t\t\t<span class=\"sow-icon-eleganticons\" data-sow-icon=\"&#xe008;\" style=\"color: #00BCD4\"><\/span>\t\t\t\t<\/span>\n\t\t\t\t\t\t\t<div class=\"wrapper\">\n\t\t\t\t\tConsulta gratis\t\t\t\t<\/div>\n\t\t<\/li>\t\n\n\t\t\t\t\n\t\t<li class=\"text-default\" style='padding-bottom:36px;'>\n\t\t\t\t\t\t\t<span class=\"icon\">\n\t\t\t\t\t<span class=\"sow-icon-dentalicons2\" data-sow-icon=\"&#xe916;\" style=\"color: #00BCD4\"><\/span>\t\t\t\t<\/span>\n\t\t\t\t\t\t\t<div class=\"wrapper\">\n\t\t\t\t\tSatisfacci\u00f3n garantizada\t\t\t\t<\/div>\n\t\t<\/li>\t\n\n\t\t\t\t\n\t\t<li class=\"text-default\" style='padding-bottom:36px;'>\n\t\t\t\t\t\t\t<span class=\"icon\">\n\t\t\t\t\t<span class=\"sow-icon-fontawesome sow-fas\" data-sow-icon=\"&#xf193;\" style=\"color: #00BCD4\"><\/span>\t\t\t\t<\/span>\n\t\t\t\t\t\t\t<div class=\"wrapper\">\n\t\t\t\t\t Accesibilidad\t\t\t\t<\/div>\n\t\t<\/li>\t\n\n\t\t\t<\/ul>\n\t<\/div>\n<\/div><\/div><\/div><\/div><\/div><div id=\"pgc-975-2-3\"  class=\"panel-grid-cell\" ><div id=\"panel-975-2-3-0\" class=\"so-panel widget widget_orion_list_w panel-first-child panel-last-child\" data-index=\"10\" ><div class=\"orion default panel-widget-style panel-widget-style-for-975-2-3-0\" ><div class=\"so-widget-orion_list_w so-widget-orion_list_w-base\"><div class=\"row button-wrap\">\n\t\n\t<div class=\"list-wrap col-md-12\">\n\t\t<ul class=\"no-liststyle size-normal\" style=\"background:transparent\">\n\t\t\t\t\n\t\t<li class=\"text-default\" style='padding-bottom:36px;'>\n\t\t\t\t\t\t\t<span class=\"icon\">\n\t\t\t\t\t<span class=\"sow-icon-dentalicons2\" data-sow-icon=\"&#xe905;\" style=\"color: #00BCD4\"><\/span>\t\t\t\t<\/span>\n\t\t\t\t\t\t\t<div class=\"wrapper\">\n\t\t\t\t\tEquipo moderno\t\t\t\t<\/div>\n\t\t<\/li>\t\n\n\t\t\t\t\n\t\t<li class=\"text-default\" style='padding-bottom:36px;'>\n\t\t\t\t\t\t\t<span class=\"icon\">\n\t\t\t\t\t<span class=\"sow-icon-dentalicons2\" data-sow-icon=\"&#xe91f;\" style=\"color: #00BCD4\"><\/span>\t\t\t\t<\/span>\n\t\t\t\t\t\t\t<div class=\"wrapper\">\n\t\t\t\t\tMateriales de alta calidad\t\t\t\t<\/div>\n\t\t<\/li>\t\n\n\t\t\t\t\n\t\t<li class=\"text-default\" style='padding-bottom:36px;'>\n\t\t\t\t\t\t\t<span class=\"icon\">\n\t\t\t\t\t<span class=\"sow-icon-dentalicons2\" data-sow-icon=\"&#xe91b;\" style=\"color: #00BCD4\"><\/span>\t\t\t\t<\/span>\n\t\t\t\t\t\t\t<div class=\"wrapper\">\n\t\t\t\t\tRayos X digitales 3D\t\t\t\t<\/div>\n\t\t<\/li>\t\n\n\t\t\t<\/ul>\n\t<\/div>\n<\/div><\/div><\/div><\/div><\/div><\/div><\/div><div id=\"pg-975-3\"  class=\"panel-grid panel-has-style\" ><div class=\"tablet-1-in-row mobile-1-in-row desktop-default panel-row-style panel-row-style-for-975-3\" ><div id=\"pgc-975-3-0\"  class=\"panel-grid-cell\" ><div id=\"panel-975-3-0-0\" class=\"so-panel widget widget_orion_image_w panel-first-child panel-last-child\" data-index=\"11\" ><div class=\"orion default panel-widget-style panel-widget-style-for-975-3-0-0\" ><div class=\"so-widget-orion_image_w so-widget-orion_image_w-base\">\n<div class=\"image-w relative\">\n\n\t\t\t\t\n\t\t\t\t\t<div class=\"orion_circle image-wrap rounded overlay-none overlay-hover-none\">\n\t\t\n\t\t\t\t<div class=\"circle-wrap\">\n\t\t\t\t\t<img decoding=\"async\" width=\"750\" height=\"750\" src=\"https:\/\/servismile.pro\/wp-content\/uploads\/2023\/10\/mvision-750x750.jpg\" class=\"attachment-orion_square size-orion_square\" alt=\"\" \/>\t\t\t<div class=\"overlay\"><\/div>\n\t\t\t\t<\/div>\n\t\t\n\t\t\t\t\t<\/div>\n\t\t\t\n\t\n\t<div class=\"absolute\">\n\t\t<div class=\"hover-desc table-wrap\">\n\t\t\t<div class=\"cell-wrap\">\n\t\t\t\t<h4 class=\"text-light\"><\/h4>\n\t\t\t<\/div>\n\t\t<\/div>\n\t<\/div>\t\t\t\t\t\n<\/div>\n\n<\/div><\/div><\/div><\/div><div id=\"pgc-975-3-1\"  class=\"panel-grid-cell\" ><div id=\"panel-975-3-1-0\" class=\"so-panel widget widget_sow-editor panel-first-child\" data-index=\"12\" ><div class=\"orion default panel-widget-style panel-widget-style-for-975-3-1-0\" ><div class=\"so-widget-sow-editor so-widget-sow-editor-base\"><h3 class=\"widget-title\">NUESTRA MISI\u00d3N<\/h3>\n<div class=\"siteorigin-widget-tinymce textwidget\">\n\t<p>Somos un equipo de profesionales buscando proporcionar una atenci\u00f3n dental de calidad, personalizado y amigable para mejorar la calidad de vida de nuestros pacientes cubriendo sus necesidades bucodentales.<\/p>\n<p>Trabajamos todas las especialidades odontol\u00f3gicas y tecnolog\u00eda de punta para realizar los mejores diagn\u00f3sticos integrales y proporcionar un tratamiento \u00f3ptimo.<\/p>\n<p>Dentro de nuestra filosof\u00eda damos a entender la odontolog\u00eda que promovemos la cultura de salud bucodental preventiva, ense\u00f1amos y orientamos a la sociedad hacia un mejor estilo de vida y un excelente cuidado oral<\/p>\n<\/div>\n<\/div><\/div><\/div><div id=\"panel-975-3-1-1\" class=\"so-panel widget widget_sow-editor panel-last-child\" data-index=\"13\" ><div class=\"orion default panel-widget-style panel-widget-style-for-975-3-1-1\" ><div class=\"so-widget-sow-editor so-widget-sow-editor-base\"><h3 class=\"widget-title\">NUESTRA VISI\u00d3N<\/h3>\n<div class=\"siteorigin-widget-tinymce textwidget\">\n\t<p>Ser una cl\u00ednica odontol\u00f3gica de vanguardia, conformada por un equipo de odont\u00f3logos de primer nivel buscando satisfacci\u00f3n de nuestros pacientes, profesionales, colaboradores y proveedores.<\/p>\n<\/div>\n<\/div><\/div><\/div><\/div><\/div><\/div><div id=\"pg-975-4\"  class=\"panel-grid panel-has-style\" ><div class=\"siteorigin-panels-stretch tablet-1-in-row mobile-1-in-row desktop-default overlay-c3-t panel-row-style panel-row-style-for-975-4\" id=\"contact-form\" data-stretch-type=\"full\" ><div id=\"pgc-975-4-0\"  class=\"panel-grid-cell panel-grid-cell-mobile-last\" ><div id=\"panel-975-4-0-0\" class=\"so-panel widget widget_orion_heading_w panel-first-child\" data-index=\"14\" ><div class=\"orion mobile-text-center tablets-text-center default panel-widget-style panel-widget-style-for-975-4-0-0\" ><div class=\"so-widget-orion_heading_w so-widget-orion_heading_w-base\">\n\t\t\t<div class=\"row orion-heading\" style=\"margin-bottom:12px;\">\n\t\t<div class=\"col-md-12   text-left style-h2 style-text-light\">\n\t\t\t<h2 class=\"text-light\">\n\t\t\t\tPrograma una consulta de valoraci\u00f3n gratuita\t\t\t<\/h2>\n\t\t<\/div>\n\t<\/div>\n\n\t<\/div><\/div><\/div><div id=\"panel-975-4-0-1\" class=\"so-panel widget widget_orion_button_w panel-last-child\" data-index=\"15\" ><div class=\"orion mobile-text-center tablets-text-center default panel-widget-style panel-widget-style-for-975-4-0-1\" ><div class=\"so-widget-orion_button_w so-widget-orion_button_w-base\">\n\t\t\t<a class=\"btn btn-white btn-wire btn-md\" target=_blank href=\"https:\/\/servismile.pro\/index.php\/reservas\/\">\n\t\t\tAgendar cita\t\t\n\t\t<\/a>\n\t\n\n\n\n<\/div><\/div><\/div><\/div><div id=\"pgc-975-4-1\"  class=\"panel-grid-cell panel-grid-cell-empty\" ><\/div><\/div><\/div><\/div>","protected":false},"excerpt":{"rendered":"<p>Servismile es una cl\u00ednica dental moderna, especializada en el diagn\u00f3stico avanzado y tratamiento de las enfermedades dentales. Garantizamos diagn\u00f3sticos integrales y ofrecemos diversas formas de atenci\u00f3n dental, procedimientos quir\u00fargicos y servicios dentales cosm\u00e9ticos.<\/p>\n","protected":false},"author":1,"featured_media":0,"parent":0,"menu_order":0,"comment_status":"closed","ping_status":"closed","template":"","meta":{"footnotes":""},"class_list":["post-975","page","type-page","status-publish","hentry"],"_links":{"self":[{"href":"https:\/\/servismile.pro\/index.php\/wp-json\/wp\/v2\/pages\/975","targetHints":{"allow":["GET"]}}],"collection":[{"href":"https:\/\/servismile.pro\/index.php\/wp-json\/wp\/v2\/pages"}],"about":[{"href":"https:\/\/servismile.pro\/index.php\/wp-json\/wp\/v2\/types\/page"}],"author":[{"embeddable":true,"href":"https:\/\/servismile.pro\/index.php\/wp-json\/wp\/v2\/users\/1"}],"replies":[{"embeddable":true,"href":"https:\/\/servismile.pro\/index.php\/wp-json\/wp\/v2\/comments?post=975"}],"version-history":[{"count":23,"href":"https:\/\/servismile.pro\/index.php\/wp-json\/wp\/v2\/pages\/975\/revisions"}],"predecessor-version":[{"id":2973,"href":"https:\/\/servismile.pro\/index.php\/wp-json\/wp\/v2\/pages\/975\/revisions\/2973"}],"wp:attachment":[{"href":"https:\/\/servismile.pro\/index.php\/wp-json\/wp\/v2\/media?parent=975"}],"curies":[{"name":"wp","href":"https:\/\/api.w.org\/{rel}","templated":true}]}}