{"id":943,"date":"2016-10-05T12:40:02","date_gmt":"2016-10-05T12:40:02","guid":{"rendered":"http:\/\/dentalia.orionthemes.com\/demo-1\/?page_id=943"},"modified":"2023-10-17T20:22:32","modified_gmt":"2023-10-17T18:22:32","slug":"implantes-dentales","status":"publish","type":"page","link":"https:\/\/servismile.pro\/index.php\/servicios\/odontologia-restauradora\/implantes-dentales\/","title":{"rendered":"Implantes dentales"},"content":{"rendered":"<div id=\"pl-943\"  class=\"panel-layout\" ><div id=\"pg-943-0\"  class=\"panel-grid panel-has-style\" ><div class=\"tablet-1-in-row mobile-1-in-row desktop-default panel-row-style panel-row-style-for-943-0\" ><div id=\"pgc-943-0-0\"  class=\"panel-grid-cell\" ><div id=\"panel-943-0-0-0\" class=\"so-panel widget widget_orion_heading_w panel-first-child\" data-index=\"0\" ><div class=\"orion mobile-text-center tablets-text-center default panel-widget-style panel-widget-style-for-943-0-0-0\" ><div class=\"so-widget-orion_heading_w so-widget-orion_heading_w-base\">\n\t\t\t<div class=\"row orion-heading\" style=\"margin-bottom:0px;\">\n\t\t<div class=\"col-md-12  separator-style-1 text-left style-h6 style-primary-color\">\n\t\t\t<h6 class=\"primary-color\">\n\t\t\t\t\u00bfQU\u00c9 ES UN IMPLANTE DENTAL?\t\t\t<\/h6>\n\t\t<\/div>\n\t<\/div>\n\n\t<\/div><\/div><\/div><div id=\"panel-943-0-0-1\" class=\"so-panel widget widget_orion_heading_w\" data-index=\"1\" ><div class=\"orion mobile-text-center tablets-text-center default panel-widget-style panel-widget-style-for-943-0-0-1\" ><div class=\"so-widget-orion_heading_w so-widget-orion_heading_w-base\">\n\t\t\t<div class=\"row orion-heading\" style=\"margin-bottom:0px;\">\n\t\t<div class=\"col-md-12   text-left style-h2 style-text-dark\">\n\t\t\t<h2 class=\"text-dark\">\n\t\t\t\tSoluci\u00f3n permanente para la p\u00e9rdida de dientes\t\t\t<\/h2>\n\t\t<\/div>\n\t<\/div>\n\n\t<\/div><\/div><\/div><div id=\"panel-943-0-0-2\" class=\"so-panel widget widget_sow-editor\" data-index=\"2\" ><div class=\"orion mobile-text-center tablets-text-center default panel-widget-style panel-widget-style-for-943-0-0-2\" ><div class=\"so-widget-sow-editor so-widget-sow-editor-base\">\n<div class=\"siteorigin-widget-tinymce textwidget\">\n\t<p class=\"lead\"><strong>Los implantes dentales representan un procedimiento com\u00fan para reemplazar permanentemente los dientes perdidos sin afectar los dientes vecinos.<\/strong><\/p>\n<p class=\"lead\">Con la ayuda de los implantes dentales podemos remediar completamente la falta de dientes y as\u00ed mejorar en gran medida la capacidad de masticar y hablar, as\u00ed como restaurar una hermosa sonrisa. Los implantes tambi\u00e9n pueden servir como soportes de un puente dental fijo o de una dentadura postiza.<\/p>\n<\/div>\n<\/div><\/div><\/div><div id=\"panel-943-0-0-3\" class=\"so-panel widget widget_orion_button_w panel-last-child\" data-index=\"3\" ><div class=\"orion mobile-text-center tablets-text-center absolute-bottom absolute-bottom-left default panel-widget-style panel-widget-style-for-943-0-0-3\" ><div class=\"so-widget-orion_button_w so-widget-orion_button_w-base\">\n\t\t\t<a class=\"btn btn-c1 btn-round icon-right btn-flat btn-lg\" target=_blank href=\"https:\/\/api.whatsapp.com\/send?phone=593978838564\">\n\t\t\tSOLICITA UNA VALORACI\u00d3N GRATUITA<span class=\"sow-icon-eleganticons\" data-sow-icon=\"&#xe023;\" style=\"color:#ffffff\"><\/span>\t\t\n\t\t<\/a>\n\t\n\n\n\n<\/div><\/div><\/div><\/div><div id=\"pgc-943-0-1\"  class=\"panel-grid-cell\" ><div id=\"panel-943-0-1-0\" class=\"so-panel widget widget_orion_image_w panel-first-child panel-last-child\" data-index=\"4\" ><div class=\"orion mobile-text-center default panel-widget-style panel-widget-style-for-943-0-1-0\" ><div class=\"so-widget-orion_image_w so-widget-orion_image_w-base\">\n<div class=\"image-w relative\">\n\n\t\t\t\t\n\t\t\t\t\t<div class=\"orion_circle image-wrap rounded overlay-none overlay-hover-none\">\n\t\t\n\t\t\t\t<div class=\"circle-wrap\">\n\t\t\t\t\t<img fetchpriority=\"high\" decoding=\"async\" width=\"750\" height=\"750\" src=\"https:\/\/servismile.pro\/wp-content\/uploads\/2023\/10\/implantes-750x750.jpg\" class=\"attachment-orion_square size-orion_square\" alt=\"\" \/>\t\t\t<div class=\"overlay\"><\/div>\n\t\t\t\t<\/div>\n\t\t\n\t\t\t\t\t<\/div>\n\t\t\t\n\t\n\t<div class=\"absolute\">\n\t\t<div class=\"hover-desc table-wrap\">\n\t\t\t<div class=\"cell-wrap\">\n\t\t\t\t<h4 class=\"text-dark\"><\/h4>\n\t\t\t<\/div>\n\t\t<\/div>\n\t<\/div>\t\t\t\t\t\n<\/div>\n\n<\/div><\/div><\/div><\/div><\/div><\/div><div id=\"pg-943-1\"  class=\"panel-grid panel-has-style\" ><div class=\"horizontal_left orion-parallax siteorigin-panels-stretch tablet-2-in-row mobile-1-in-row desktop-default overlay-c2 panel-row-style panel-row-style-for-943-1\" data-stretch-type=\"full\" ><div id=\"pgc-943-1-0\"  class=\"panel-grid-cell\" ><div id=\"panel-943-1-0-0\" class=\"so-panel widget widget_orion_list_w panel-first-child panel-last-child\" data-index=\"5\" ><div class=\"orion default panel-widget-style panel-widget-style-for-943-1-0-0\" ><div class=\"so-widget-orion_list_w so-widget-orion_list_w-base\"><div class=\"row button-wrap\">\n\t\n\t<div class=\"list-wrap col-md-12\">\n\t\t<ul class=\"no-liststyle size-large\" style=\"background:transparent\">\n\t\t\t\t\n\t\t<li class=\"text-light\" >\n\t\t\t\t\t\t\t<span class=\"icon\">\n\t\t\t\t\t<span class=\"sow-icon-eleganticons\" data-sow-icon=\"&#x4e;\" style=\"color: #00BCD4\"><\/span>\t\t\t\t<\/span>\n\t\t\t\t\t\t\t<div class=\"wrapper\">\n\t\t\t\t\tSoluci\u00f3n permanente\t\t\t\t<\/div>\n\t\t<\/li>\t\n\n\t\t\t\t\n\t\t<li class=\"text-light\" >\n\t\t\t\t\t\t\t<span class=\"icon\">\n\t\t\t\t\t<span class=\"sow-icon-eleganticons\" data-sow-icon=\"&#x4e;\" style=\"color: #00BCD4\"><\/span>\t\t\t\t<\/span>\n\t\t\t\t\t\t\t<div class=\"wrapper\">\n\t\t\t\t\tMejora del habla\t\t\t\t<\/div>\n\t\t<\/li>\t\n\n\t\t\t\t\n\t\t<li class=\"text-light\" >\n\t\t\t\t\t\t\t<span class=\"icon\">\n\t\t\t\t\t<span class=\"sow-icon-eleganticons\" data-sow-icon=\"&#x4e;\" style=\"color: #00BCD4\"><\/span>\t\t\t\t<\/span>\n\t\t\t\t\t\t\t<div class=\"wrapper\">\n\t\t\t\t\tFunci\u00f3n y aspecto natural\t\t\t\t<\/div>\n\t\t<\/li>\t\n\n\t\t\t<\/ul>\n\t<\/div>\n<\/div><\/div><\/div><\/div><\/div><div id=\"pgc-943-1-1\"  class=\"panel-grid-cell\" ><div id=\"panel-943-1-1-0\" class=\"so-panel widget widget_orion_list_w panel-first-child panel-last-child\" data-index=\"6\" ><div class=\"orion default panel-widget-style panel-widget-style-for-943-1-1-0\" ><div class=\"so-widget-orion_list_w so-widget-orion_list_w-base\"><div class=\"row button-wrap\">\n\t\n\t<div class=\"list-wrap col-md-12\">\n\t\t<ul class=\"no-liststyle size-large\" style=\"background:transparent\">\n\t\t\t\t\n\t\t<li class=\"text-light\" >\n\t\t\t\t\t\t\t<span class=\"icon\">\n\t\t\t\t\t<span class=\"sow-icon-eleganticons\" data-sow-icon=\"&#x4e;\" style=\"color: #00BCD4\"><\/span>\t\t\t\t<\/span>\n\t\t\t\t\t\t\t<div class=\"wrapper\">\n\t\t\t\t\t Aspecto facial mejorado\t\t\t\t<\/div>\n\t\t<\/li>\t\n\n\t\t\t\t\n\t\t<li class=\"text-light\" >\n\t\t\t\t\t\t\t<span class=\"icon\">\n\t\t\t\t\t<span class=\"sow-icon-eleganticons\" data-sow-icon=\"&#x4e;\" style=\"color: #00BCD4\"><\/span>\t\t\t\t<\/span>\n\t\t\t\t\t\t\t<div class=\"wrapper\">\n\t\t\t\t\t Prevenci\u00f3n de la p\u00e9rdida \u00f3sea\t\t\t\t<\/div>\n\t\t<\/li>\t\n\n\t\t\t\t\n\t\t<li class=\"text-light\" >\n\t\t\t\t\t\t\t<span class=\"icon\">\n\t\t\t\t\t<span class=\"sow-icon-eleganticons\" data-sow-icon=\"&#x4e;\" style=\"color: #00BCD4\"><\/span>\t\t\t\t<\/span>\n\t\t\t\t\t\t\t<div class=\"wrapper\">\n\t\t\t\t\tNo requiere cuidados especiales\t\t\t\t<\/div>\n\t\t<\/li>\t\n\n\t\t\t<\/ul>\n\t<\/div>\n<\/div><\/div><\/div><\/div><\/div><div id=\"pgc-943-1-2\"  class=\"panel-grid-cell\" ><div id=\"panel-943-1-2-0\" class=\"so-panel widget widget_orion_list_w panel-first-child panel-last-child\" data-index=\"7\" ><div class=\"orion default panel-widget-style panel-widget-style-for-943-1-2-0\" ><div class=\"so-widget-orion_list_w so-widget-orion_list_w-base\"><div class=\"row button-wrap\">\n\t\n\t<div class=\"list-wrap col-md-12\">\n\t\t<ul class=\"no-liststyle size-large\" style=\"background:transparent\">\n\t\t\t\t\n\t\t<li class=\"text-light\" >\n\t\t\t\t\t\t\t<span class=\"icon\">\n\t\t\t\t\t<span class=\"sow-icon-eleganticons\" data-sow-icon=\"&#x4e;\" style=\"color: #00BCD4\"><\/span>\t\t\t\t<\/span>\n\t\t\t\t\t\t\t<div class=\"wrapper\">\n\t\t\t\t\tMuy robusta y segura\t\t\t\t<\/div>\n\t\t<\/li>\t\n\n\t\t\t\t\n\t\t<li class=\"text-light\" >\n\t\t\t\t\t\t\t<span class=\"icon\">\n\t\t\t\t\t<span class=\"sow-icon-eleganticons\" data-sow-icon=\"&#x4e;\" style=\"color: #00BCD4\"><\/span>\t\t\t\t<\/span>\n\t\t\t\t\t\t\t<div class=\"wrapper\">\n\t\t\t\t\tSin restricciones diet\u00e9ticas\t\t\t\t<\/div>\n\t\t<\/li>\t\n\n\t\t\t\t\n\t\t<li class=\"text-light\" >\n\t\t\t\t\t\t\t<span class=\"icon\">\n\t\t\t\t\t<span class=\"sow-icon-eleganticons\" data-sow-icon=\"&#x4e;\" style=\"color: #00BCD4\"><\/span>\t\t\t\t<\/span>\n\t\t\t\t\t\t\t<div class=\"wrapper\">\n\t\t\t\t\tSe puede cambiar o actualizar\t\t\t\t<\/div>\n\t\t<\/li>\t\n\n\t\t\t<\/ul>\n\t<\/div>\n<\/div><\/div><\/div><\/div><\/div><\/div><\/div><\/div>","protected":false},"excerpt":{"rendered":"<p>Los implantes dentales representan un procedimiento com\u00fan para reemplazar permanentemente los dientes perdidos sin afectar los dientes vecinos.<\/p>\n","protected":false},"author":1,"featured_media":2827,"parent":1145,"menu_order":0,"comment_status":"closed","ping_status":"closed","template":"","meta":{"footnotes":""},"class_list":["post-943","page","type-page","status-publish","has-post-thumbnail","hentry"],"_links":{"self":[{"href":"https:\/\/servismile.pro\/index.php\/wp-json\/wp\/v2\/pages\/943","targetHints":{"allow":["GET"]}}],"collection":[{"href":"https:\/\/servismile.pro\/index.php\/wp-json\/wp\/v2\/pages"}],"about":[{"href":"https:\/\/servismile.pro\/index.php\/wp-json\/wp\/v2\/types\/page"}],"author":[{"embeddable":true,"href":"https:\/\/servismile.pro\/index.php\/wp-json\/wp\/v2\/users\/1"}],"replies":[{"embeddable":true,"href":"https:\/\/servismile.pro\/index.php\/wp-json\/wp\/v2\/comments?post=943"}],"version-history":[{"count":15,"href":"https:\/\/servismile.pro\/index.php\/wp-json\/wp\/v2\/pages\/943\/revisions"}],"predecessor-version":[{"id":2843,"href":"https:\/\/servismile.pro\/index.php\/wp-json\/wp\/v2\/pages\/943\/revisions\/2843"}],"up":[{"embeddable":true,"href":"https:\/\/servismile.pro\/index.php\/wp-json\/wp\/v2\/pages\/1145"}],"wp:featuredmedia":[{"embeddable":true,"href":"https:\/\/servismile.pro\/index.php\/wp-json\/wp\/v2\/media\/2827"}],"wp:attachment":[{"href":"https:\/\/servismile.pro\/index.php\/wp-json\/wp\/v2\/media?parent=943"}],"curies":[{"name":"wp","href":"https:\/\/api.w.org\/{rel}","templated":true}]}}