{"id":938,"date":"2016-10-05T12:30:38","date_gmt":"2016-10-05T10:30:38","guid":{"rendered":"http:\/\/dentalia.orionthemes.com\/demo-1\/?page_id=938"},"modified":"2023-10-17T21:53:56","modified_gmt":"2023-10-17T19:53:56","slug":"ortodoncia","status":"publish","type":"page","link":"https:\/\/servismile.pro\/index.php\/servicios\/odontologia-cosmetica\/ortodoncia\/","title":{"rendered":"Ortodoncia"},"content":{"rendered":"<div id=\"pl-938\"  class=\"panel-layout\" ><div id=\"pg-938-0\"  class=\"panel-grid panel-has-style\" ><div class=\"vertical_up orion-parallax siteorigin-panels-stretch tablet-default mobile-1-in-row desktop-default overlay-dark panel-row-style panel-row-style-for-938-0\" data-stretch-type=\"full\" ><div id=\"pgc-938-0-0\"  class=\"panel-grid-cell\" ><div id=\"panel-938-0-0-0\" class=\"so-panel widget widget_orion_empty_space_w panel-first-child panel-last-child\" data-index=\"0\" ><div class=\"orion default panel-widget-style panel-widget-style-for-938-0-0-0\" ><div class=\"so-widget-orion_empty_space_w so-widget-orion_empty_space_w-base\">\t<div class=\"row empty-space  visible-lg visible-md visible-sm visible-xs\" style=\"height:360px;\">\n\t<\/div><\/div><\/div><\/div><\/div><\/div><\/div><div id=\"pg-938-1\"  class=\"panel-grid panel-has-style\" ><div class=\"tablet-1-in-row mobile-1-in-row desktop-default panel-row-style panel-row-style-for-938-1\" ><div id=\"pgc-938-1-0\"  class=\"panel-grid-cell\" ><div id=\"panel-938-1-0-0\" class=\"so-panel widget widget_orion_heading_w panel-first-child\" data-index=\"1\" ><div class=\"orion default panel-widget-style panel-widget-style-for-938-1-0-0\" ><div class=\"so-widget-orion_heading_w so-widget-orion_heading_w-base\">\n\t\t\t<div class=\"row orion-heading\" style=\"margin-bottom:0px;\">\n\t\t<div class=\"col-md-12  separator-style-1 text-left style-h6 style-primary-color\">\n\t\t\t<h6 class=\"primary-color\">\n\t\t\t\t UNA HERMOSA SONRISA CON\t\t\t<\/h6>\n\t\t<\/div>\n\t<\/div>\n\n\t<\/div><\/div><\/div><div id=\"panel-938-1-0-1\" class=\"so-panel widget widget_orion_heading_w\" data-index=\"2\" ><div class=\"orion default panel-widget-style panel-widget-style-for-938-1-0-1\" ><div class=\"so-widget-orion_heading_w so-widget-orion_heading_w-base\">\n\t\t\t<div class=\"row orion-heading\" style=\"margin-bottom:0px;\">\n\t\t<div class=\"col-md-12   text-left style-h2 style-text-dark\">\n\t\t\t<h2 class=\"text-dark\">\n\t\t\t\tBrackets invisibles\t\t\t<\/h2>\n\t\t<\/div>\n\t<\/div>\n\n\t<\/div><\/div><\/div><div id=\"panel-938-1-0-2\" class=\"so-panel widget widget_sow-editor panel-last-child\" data-index=\"3\" ><div class=\"orion default panel-widget-style panel-widget-style-for-938-1-0-2\" ><div class=\"so-widget-sow-editor so-widget-sow-editor-base\">\n<div class=\"siteorigin-widget-tinymce textwidget\">\n\t<p class=\"lead\"><strong>Ofrecemos una soluci\u00f3n moderna para enderezar los dientes mediante aparatos ortop\u00e9dicos transparentes, fabricados espec\u00edficamente para adaptarse a su boca.<\/strong><\/p>\n<p class=\"lead\">Los dientes a veces est\u00e1n en una posici\u00f3n irregular desde su crecimiento y, a veces, se mueven m\u00e1s adelante en la vida. Con brackets transparentes podemos tratar diversas irregularidades de ortodoncia y lograr una hermosa sonrisa sin la molestia de tener metal en los dientes.<\/p>\n<\/div>\n<\/div><\/div><\/div><\/div><div id=\"pgc-938-1-1\"  class=\"panel-grid-cell\" ><div id=\"panel-938-1-1-0\" class=\"so-panel widget widget_orion_before_after_w panel-first-child\" data-index=\"4\" ><div class=\"orion default panel-widget-style panel-widget-style-for-938-1-1-0\" ><div class=\"so-widget-orion_before_after_w so-widget-orion_before_after_w-base\">\t<div class=\"twentytwenty-container orion-before-after overlay-none overlay-hover-none\" id=\"ba_69f63ee5c5a72\">\n\t\t<img decoding=\"async\" src=\"https:\/\/servismile.pro\/wp-content\/uploads\/2023\/10\/metalicos.jpg\" \n\t\tclass=\"before\" \n\t\t\t\t\/>\t\n\t\t<img decoding=\"async\" src=\"https:\/\/servismile.pro\/wp-content\/uploads\/2023\/10\/invisibles.jpg\" class=\"after\" \n\t\t\t\t\/>\n\t\t<div class=\"overlay\"><\/div>\n\t<\/div>\n\n\t<script>\n\tjQuery(window).load(function(){\n\t\tjQuery(\"#ba_69f63ee5c5a72\").twentytwenty({\n\t\t\tdefault_offset_pct: 0.15, \n\t\t\torientation: 'horizontal', \n\t\t});\n\t});\n\t<\/script> <\/div><\/div><\/div><div id=\"panel-938-1-1-1\" class=\"so-panel widget widget_sow-editor panel-last-child\" data-index=\"5\" ><div class=\"orion mobile-text-center tablets-text-center default panel-widget-style panel-widget-style-for-938-1-1-1\" ><div class=\"so-widget-sow-editor so-widget-sow-editor-base\">\n<div class=\"siteorigin-widget-tinymce textwidget\">\n\t<p style=\"text-align: center;\">Brackets met\u00e1licosBrackets invisibles Vs. Brackets met\u00e1licos<\/p>\n<\/div>\n<\/div><\/div><\/div><\/div><\/div><\/div><div id=\"pg-938-2\"  class=\"panel-grid panel-has-style\" ><div class=\"horizontal_left orion-parallax siteorigin-panels-stretch tablet-1-in-row mobile-1-in-row desktop-default overlay-c2 panel-row-style panel-row-style-for-938-2\" data-stretch-type=\"full\" ><div id=\"pgc-938-2-0\"  class=\"panel-grid-cell\" ><div id=\"panel-938-2-0-0\" class=\"so-panel widget widget_orion_list_w panel-first-child panel-last-child\" data-index=\"6\" ><div class=\"orion default panel-widget-style panel-widget-style-for-938-2-0-0\" ><div class=\"so-widget-orion_list_w so-widget-orion_list_w-base\"><div class=\"row button-wrap\">\n\t\n\t<div class=\"list-wrap col-md-12\">\n\t\t<ul class=\"no-liststyle size-large\" style=\"background:transparent\">\n\t\t\t\t\n\t\t<li class=\"text-light\" >\n\t\t\t\t\t\t\t<span class=\"icon\">\n\t\t\t\t\t<span class=\"sow-icon-eleganticons\" data-sow-icon=\"&#x4e;\" style=\"color: #00BCD4\"><\/span>\t\t\t\t<\/span>\n\t\t\t\t\t\t\t<div class=\"wrapper\">\n\t\t\t\t\t Soluci\u00f3n permanente\t\t\t\t<\/div>\n\t\t<\/li>\t\n\n\t\t\t\t\n\t\t<li class=\"text-light\" >\n\t\t\t\t\t\t\t<span class=\"icon\">\n\t\t\t\t\t<span class=\"sow-icon-eleganticons\" data-sow-icon=\"&#x4e;\" style=\"color: #00BCD4\"><\/span>\t\t\t\t<\/span>\n\t\t\t\t\t\t\t<div class=\"wrapper\">\n\t\t\t\t\t Tratamiento efectivo\t\t\t\t<\/div>\n\t\t<\/li>\t\n\n\t\t\t\t\n\t\t<li class=\"text-light\" >\n\t\t\t\t\t\t\t<span class=\"icon\">\n\t\t\t\t\t<span class=\"sow-icon-eleganticons\" data-sow-icon=\"&#x4e;\" style=\"color: #00BCD4\"><\/span>\t\t\t\t<\/span>\n\t\t\t\t\t\t\t<div class=\"wrapper\">\n\t\t\t\t\t Dientes hermosos y rectos\t\t\t\t<\/div>\n\t\t<\/li>\t\n\n\t\t\t<\/ul>\n\t<\/div>\n<\/div><\/div><\/div><\/div><\/div><div id=\"pgc-938-2-1\"  class=\"panel-grid-cell\" ><div id=\"panel-938-2-1-0\" class=\"so-panel widget widget_orion_list_w panel-first-child panel-last-child\" data-index=\"7\" ><div class=\"orion default panel-widget-style panel-widget-style-for-938-2-1-0\" ><div class=\"so-widget-orion_list_w so-widget-orion_list_w-base\"><div class=\"row button-wrap\">\n\t\n\t<div class=\"list-wrap col-md-12\">\n\t\t<ul class=\"no-liststyle size-large\" style=\"background:transparent\">\n\t\t\t\t\n\t\t<li class=\"text-light\" >\n\t\t\t\t\t\t\t<span class=\"icon\">\n\t\t\t\t\t<span class=\"sow-icon-eleganticons\" data-sow-icon=\"&#x4e;\" style=\"color: #00BCD4\"><\/span>\t\t\t\t<\/span>\n\t\t\t\t\t\t\t<div class=\"wrapper\">\n\t\t\t\t\tCompletamente invisible\t\t\t\t<\/div>\n\t\t<\/li>\t\n\n\t\t\t\t\n\t\t<li class=\"text-light\" >\n\t\t\t\t\t\t\t<span class=\"icon\">\n\t\t\t\t\t<span class=\"sow-icon-eleganticons\" data-sow-icon=\"&#x4e;\" style=\"color: #00BCD4\"><\/span>\t\t\t\t<\/span>\n\t\t\t\t\t\t\t<div class=\"wrapper\">\n\t\t\t\t\tF\u00e1cil de quitar\t\t\t\t<\/div>\n\t\t<\/li>\t\n\n\t\t\t\t\n\t\t<li class=\"text-light\" >\n\t\t\t\t\t\t\t<span class=\"icon\">\n\t\t\t\t\t<span class=\"sow-icon-eleganticons\" data-sow-icon=\"&#x4e;\" style=\"color: #00BCD4\"><\/span>\t\t\t\t<\/span>\n\t\t\t\t\t\t\t<div class=\"wrapper\">\n\t\t\t\t\tResultados satisfactorios\t\t\t\t<\/div>\n\t\t<\/li>\t\n\n\t\t\t<\/ul>\n\t<\/div>\n<\/div><\/div><\/div><\/div><\/div><div id=\"pgc-938-2-2\"  class=\"panel-grid-cell\" ><div id=\"panel-938-2-2-0\" class=\"so-panel widget widget_orion_list_w panel-first-child panel-last-child\" data-index=\"8\" ><div class=\"orion default panel-widget-style panel-widget-style-for-938-2-2-0\" ><div class=\"so-widget-orion_list_w so-widget-orion_list_w-base\"><div class=\"row button-wrap\">\n\t\n\t<div class=\"list-wrap col-md-12\">\n\t\t<ul class=\"no-liststyle size-large\" style=\"background:transparent\">\n\t\t\t\t\n\t\t<li class=\"text-light\" >\n\t\t\t\t\t\t\t<span class=\"icon\">\n\t\t\t\t\t<span class=\"sow-icon-eleganticons\" data-sow-icon=\"&#x4e;\" style=\"color: #00BCD4\"><\/span>\t\t\t\t<\/span>\n\t\t\t\t\t\t\t<div class=\"wrapper\">\n\t\t\t\t\tF\u00e1cil limpieza y cepillado\t\t\t\t<\/div>\n\t\t<\/li>\t\n\n\t\t\t\t\n\t\t<li class=\"text-light\" >\n\t\t\t\t\t\t\t<span class=\"icon\">\n\t\t\t\t\t<span class=\"sow-icon-eleganticons\" data-sow-icon=\"&#x4e;\" style=\"color: #00BCD4\"><\/span>\t\t\t\t<\/span>\n\t\t\t\t\t\t\t<div class=\"wrapper\">\n\t\t\t\t\tSin restricciones diet\u00e9ticas\t\t\t\t<\/div>\n\t\t<\/li>\t\n\n\t\t\t\t\n\t\t<li class=\"text-light\" >\n\t\t\t\t\t\t\t<span class=\"icon\">\n\t\t\t\t\t<span class=\"sow-icon-eleganticons\" data-sow-icon=\"&#x4e;\" style=\"color: #00BCD4\"><\/span>\t\t\t\t<\/span>\n\t\t\t\t\t\t\t<div class=\"wrapper\">\n\t\t\t\t\tC\u00f3moda bandeja de pl\u00e1stico\t\t\t\t<\/div>\n\t\t<\/li>\t\n\n\t\t\t<\/ul>\n\t<\/div>\n<\/div><\/div><\/div><\/div><\/div><\/div><\/div><\/div>","protected":false},"excerpt":{"rendered":"<p>Una soluci\u00f3n moderna para enderezar los dientes mediante aparatos ortop\u00e9dicos transparentes, fabricados espec\u00edficamente para adaptarse a su boca.<\/p>\n","protected":false},"author":1,"featured_media":2846,"parent":1054,"menu_order":0,"comment_status":"closed","ping_status":"closed","template":"","meta":{"footnotes":""},"class_list":["post-938","page","type-page","status-publish","has-post-thumbnail","hentry"],"_links":{"self":[{"href":"https:\/\/servismile.pro\/index.php\/wp-json\/wp\/v2\/pages\/938","targetHints":{"allow":["GET"]}}],"collection":[{"href":"https:\/\/servismile.pro\/index.php\/wp-json\/wp\/v2\/pages"}],"about":[{"href":"https:\/\/servismile.pro\/index.php\/wp-json\/wp\/v2\/types\/page"}],"author":[{"embeddable":true,"href":"https:\/\/servismile.pro\/index.php\/wp-json\/wp\/v2\/users\/1"}],"replies":[{"embeddable":true,"href":"https:\/\/servismile.pro\/index.php\/wp-json\/wp\/v2\/comments?post=938"}],"version-history":[{"count":13,"href":"https:\/\/servismile.pro\/index.php\/wp-json\/wp\/v2\/pages\/938\/revisions"}],"predecessor-version":[{"id":2913,"href":"https:\/\/servismile.pro\/index.php\/wp-json\/wp\/v2\/pages\/938\/revisions\/2913"}],"up":[{"embeddable":true,"href":"https:\/\/servismile.pro\/index.php\/wp-json\/wp\/v2\/pages\/1054"}],"wp:featuredmedia":[{"embeddable":true,"href":"https:\/\/servismile.pro\/index.php\/wp-json\/wp\/v2\/media\/2846"}],"wp:attachment":[{"href":"https:\/\/servismile.pro\/index.php\/wp-json\/wp\/v2\/media?parent=938"}],"curies":[{"name":"wp","href":"https:\/\/api.w.org\/{rel}","templated":true}]}}