{"id":921,"date":"2016-10-05T08:44:06","date_gmt":"2016-10-05T06:44:06","guid":{"rendered":"http:\/\/dentalia.orionthemes.com\/demo-1\/?page_id=921"},"modified":"2023-10-17T21:04:19","modified_gmt":"2023-10-17T19:04:19","slug":"blanqueamiento-dental","status":"publish","type":"page","link":"https:\/\/servismile.pro\/index.php\/servicios\/odontologia-cosmetica\/blanqueamiento-dental\/","title":{"rendered":"Blanqueamiento dental"},"content":{"rendered":"<div id=\"pl-921\"  class=\"panel-layout\" ><div id=\"pg-921-0\"  class=\"panel-grid panel-has-style\" ><div class=\"tablet-1-in-row mobile-1-in-row desktop-default panel-row-style panel-row-style-for-921-0\" ><div id=\"pgc-921-0-0\"  class=\"panel-grid-cell\" ><div id=\"panel-921-0-0-0\" class=\"so-panel widget widget_orion_heading_w panel-first-child\" data-index=\"0\" ><div class=\"orion default panel-widget-style panel-widget-style-for-921-0-0-0\" ><div class=\"so-widget-orion_heading_w so-widget-orion_heading_w-base\">\n\t\t\t<div class=\"row orion-heading\" style=\"margin-bottom:0px;\">\n\t\t<div class=\"col-md-12  separator-style-1 text-left style-h6 style-primary-color\">\n\t\t\t<h6 class=\"primary-color\">\n\t\t\t\tEL M\u00c9TODO M\u00c1S R\u00c1PIDO\t\t\t<\/h6>\n\t\t<\/div>\n\t<\/div>\n\n\t<\/div><\/div><\/div><div id=\"panel-921-0-0-1\" class=\"so-panel widget widget_orion_heading_w\" data-index=\"1\" ><div class=\"orion default panel-widget-style panel-widget-style-for-921-0-0-1\" ><div class=\"so-widget-orion_heading_w so-widget-orion_heading_w-base\">\n\t\t\t<div class=\"row orion-heading\" style=\"margin-bottom:0px;\">\n\t\t<div class=\"col-md-12   text-left style-h2 style-text-dark\">\n\t\t\t<h2 class=\"text-dark\">\n\t\t\t\tBlanqueamiento dental con l\u00e1ser\t\t\t<\/h2>\n\t\t<\/div>\n\t<\/div>\n\n\t<\/div><\/div><\/div><div id=\"panel-921-0-0-2\" class=\"so-panel widget widget_sow-editor\" data-index=\"2\" ><div class=\"orion default panel-widget-style panel-widget-style-for-921-0-0-2\" ><div class=\"so-widget-sow-editor so-widget-sow-editor-base\">\n<div class=\"siteorigin-widget-tinymce textwidget\">\n\t<p class=\"lead\"><strong>El blanqueamiento dental con l\u00e1ser nos permite blanquear sus dientes hasta en 8 tonos en una sola visita.<\/strong><\/p>\n<p class=\"lead\">El proceso comienza protegiendo las enc\u00edas y los labios para que solo los dientes queden expuestos durante el procedimiento. Se aplica un gel blanqueador y se aclara con l\u00e1ser para acelerar el proceso de blanqueamiento. El resultado son unos dientes maravillosamente blancos.<\/p>\n<\/div>\n<\/div><\/div><\/div><div id=\"panel-921-0-0-3\" class=\"so-panel widget widget_orion_button_w panel-last-child\" data-index=\"3\" ><div class=\"orion mobile-text-center tablets-text-center absolute-bottom absolute-bottom-left default panel-widget-style panel-widget-style-for-921-0-0-3\" ><div class=\"so-widget-orion_button_w so-widget-orion_button_w-base\">\n\t\t\t<a class=\"btn btn-c1 btn-round icon-right btn-flat btn-lg\" target=_blank href=\"https:\/\/api.whatsapp.com\/send?phone=593978838564\">\n\t\t\tSOLICITA UNA VALORACI\u00d3N GRATUITA<span class=\"sow-icon-eleganticons\" data-sow-icon=\"&#xe023;\" style=\"color:#ffffff\"><\/span>\t\t\n\t\t<\/a>\n\t\n\n\n\n<\/div><\/div><\/div><\/div><div id=\"pgc-921-0-1\"  class=\"panel-grid-cell\" ><div id=\"panel-921-0-1-0\" class=\"so-panel widget widget_orion_image_w panel-first-child\" data-index=\"4\" ><div class=\"orion default panel-widget-style panel-widget-style-for-921-0-1-0\" ><div class=\"so-widget-orion_image_w so-widget-orion_image_w-base\">\n<div class=\"image-w relative\">\n\n\t\t\t\t\n\t\t\t\t\t<div class=\"orion_carousel overlay-none overlay-hover-none\">\n\t\t\n\t\t\t\t\t<img fetchpriority=\"high\" decoding=\"async\" width=\"750\" height=\"500\" src=\"https:\/\/servismile.pro\/wp-content\/uploads\/2023\/10\/dientes-amarillos-750x500.jpg\" class=\"attachment-orion_carousel size-orion_carousel\" alt=\"\" \/>\t\t\t<div class=\"overlay\"><\/div>\n\t\t\n\t\t\t\t\t<\/div>\n\t\t\t\n\t\n\t<div class=\"absolute\">\n\t\t<div class=\"hover-desc table-wrap\">\n\t\t\t<div class=\"cell-wrap\">\n\t\t\t\t<h4 class=\"text-light\"><\/h4>\n\t\t\t<\/div>\n\t\t<\/div>\n\t<\/div>\t\t\t\t\t\n<\/div>\n\n<\/div><\/div><\/div><div id=\"panel-921-0-1-1\" class=\"so-panel widget widget_sow-editor panel-last-child\" data-index=\"5\" ><div class=\"orion default panel-widget-style panel-widget-style-for-921-0-1-1\" ><div class=\"so-widget-sow-editor so-widget-sow-editor-base\">\n<div class=\"siteorigin-widget-tinymce textwidget\">\n\t<p style=\"text-align: center;\">Dientes antes y despu\u00e9s del blanqueamiento dental<\/p>\n<\/div>\n<\/div><\/div><\/div><\/div><\/div><\/div><div id=\"pg-921-1\"  class=\"panel-grid panel-has-style\" ><div class=\"siteorigin-panels-stretch tablet-default mobile-1-in-row desktop-default overlay-c3 panel-row-style panel-row-style-for-921-1\" data-siteorigin-parallax=\"{&quot;backgroundUrl&quot;:&quot;https:\\\/\\\/servismile.pro\\\/wp-content\\\/uploads\\\/2016\\\/09\\\/dentalia-demo-bg-lights.jpg&quot;,&quot;backgroundSize&quot;:[1920,1280],&quot;backgroundSizing&quot;:&quot;scaled&quot;,&quot;limitMotion&quot;:&quot;auto&quot;}\" data-stretch-type=\"full\" ><div id=\"pgc-921-1-0\"  class=\"panel-grid-cell\" ><div id=\"panel-921-1-0-0\" class=\"so-panel widget widget_orion_icon_text_w panel-first-child panel-last-child\" data-index=\"6\" ><div class=\"orion default panel-widget-style panel-widget-style-for-921-1-0-0\" ><div class=\"so-widget-orion_icon_text_w so-widget-orion_icon_text_w-base\">\n<div class=\"row icon-box-items-wrap grid icon-top\">\n \n\t\n\t\t\n\t\t\n\t\t\t\t\n\t\t\n\t\t<div class=\"icon-box-wrap clearfix col-lg-4 col-md-4 col-sm-6 text-light\" style=\"margin-bottom:60px;\">\t\t\n\n\t\t\t\t\t\t\t\t\t\t<div class=\"icon-wrap relative  simple\">\n\t\t\t\t\t<span class=\"sow-icon-dentalicons\" data-sow-icon=\"&#xe813;\" style=\"color: #ffffff\"><\/span>\t\t\t\t\t\t\t\t\t<\/div>\n\t\t\t\n\t\t\t<h4 class=\"item-title\">8 tonos de sonrisa m\u00e1s blanca<\/h4>\t\t\t\n\n\t\t\t<span class=\"description\"><\/span>\n\n\t\t<\/div>\n\t\n\t\t\n\t\t\n\t\t\t\t\n\t\t\n\t\t<div class=\"icon-box-wrap clearfix col-lg-4 col-md-4 col-sm-6 text-light\" style=\"margin-bottom:60px;\">\t\t\n\n\t\t\t\t\t\t\t\t\t\t<div class=\"icon-wrap relative  simple\">\n\t\t\t\t\t<span class=\"sow-icon-dentalicons\" data-sow-icon=\"&#xe80c;\" style=\"color: #ffffff\"><\/span>\t\t\t\t\t\t\t\t\t<\/div>\n\t\t\t\n\t\t\t<h4 class=\"item-title\">Irritaci\u00f3n m\u00ednima<\/h4>\t\t\t\n\n\t\t\t<span class=\"description\"><\/span>\n\n\t\t<\/div>\n\t\n\t\t\n\t\t\n\t\t\t\t\n\t\t\n\t\t<div class=\"icon-box-wrap clearfix col-lg-4 col-md-4 col-sm-6 text-light\" style=\"margin-bottom:60px;\">\t\t\n\n\t\t\t\t\t\t\t\t\t\t<div class=\"icon-wrap relative  simple\">\n\t\t\t\t\t<span class=\"sow-icon-dentalicons\" data-sow-icon=\"&#xe816;\" style=\"color: #ffffff\"><\/span>\t\t\t\t\t\t\t\t\t<\/div>\n\t\t\t\n\t\t\t<h4 class=\"item-title\"> Solo una visita<\/h4>\t\t\t\n\n\t\t\t<span class=\"description\"><\/span>\n\n\t\t<\/div>\n\t\n<\/div><\/div><\/div><\/div><\/div><\/div><\/div><\/div>","protected":false},"excerpt":{"rendered":"<p>El blanqueamiento dental con l\u00e1ser nos permite blanquear sus dientes hasta en 8 tonos en una sola visita.<\/p>\n","protected":false},"author":1,"featured_media":2861,"parent":1054,"menu_order":0,"comment_status":"closed","ping_status":"closed","template":"","meta":{"footnotes":""},"class_list":["post-921","page","type-page","status-publish","has-post-thumbnail","hentry"],"_links":{"self":[{"href":"https:\/\/servismile.pro\/index.php\/wp-json\/wp\/v2\/pages\/921","targetHints":{"allow":["GET"]}}],"collection":[{"href":"https:\/\/servismile.pro\/index.php\/wp-json\/wp\/v2\/pages"}],"about":[{"href":"https:\/\/servismile.pro\/index.php\/wp-json\/wp\/v2\/types\/page"}],"author":[{"embeddable":true,"href":"https:\/\/servismile.pro\/index.php\/wp-json\/wp\/v2\/users\/1"}],"replies":[{"embeddable":true,"href":"https:\/\/servismile.pro\/index.php\/wp-json\/wp\/v2\/comments?post=921"}],"version-history":[{"count":9,"href":"https:\/\/servismile.pro\/index.php\/wp-json\/wp\/v2\/pages\/921\/revisions"}],"predecessor-version":[{"id":2865,"href":"https:\/\/servismile.pro\/index.php\/wp-json\/wp\/v2\/pages\/921\/revisions\/2865"}],"up":[{"embeddable":true,"href":"https:\/\/servismile.pro\/index.php\/wp-json\/wp\/v2\/pages\/1054"}],"wp:featuredmedia":[{"embeddable":true,"href":"https:\/\/servismile.pro\/index.php\/wp-json\/wp\/v2\/media\/2861"}],"wp:attachment":[{"href":"https:\/\/servismile.pro\/index.php\/wp-json\/wp\/v2\/media?parent=921"}],"curies":[{"name":"wp","href":"https:\/\/api.w.org\/{rel}","templated":true}]}}