{"id":2391,"date":"2017-05-23T10:05:48","date_gmt":"2017-05-23T10:05:48","guid":{"rendered":"http:\/\/dentalia.orionthemes.com\/new-demos\/demo-1\/?page_id=2391"},"modified":"2023-10-17T04:29:02","modified_gmt":"2023-10-17T02:29:02","slug":"procedimientos","status":"publish","type":"page","link":"https:\/\/servismile.pro\/index.php\/procedimientos\/","title":{"rendered":"Procedimientos"},"content":{"rendered":"<div id=\"pl-2391\"  class=\"panel-layout\" ><div id=\"pg-2391-0\"  class=\"panel-grid panel-has-style\" ><div class=\"siteorigin-panels-stretch tablet-1-in-row mobile-1-in-row desktop-default overlay-dark panel-row-style panel-row-style-for-2391-0\" id=\"contact-form\" data-stretch-type=\"full\" ><div id=\"pgc-2391-0-0\"  class=\"panel-grid-cell panel-grid-cell-mobile-last\" ><div id=\"panel-2391-0-0-0\" class=\"so-panel widget widget_sow-editor panel-first-child panel-last-child\" data-index=\"0\" ><div class=\"orion mobile-text-center tablets-text-center text-light panel-widget-style panel-widget-style-for-2391-0-0-0\" ><div class=\"so-widget-sow-editor so-widget-sow-editor-base\">\n<div class=\"siteorigin-widget-tinymce textwidget\">\n\t<h1>Odontolog\u00eda de \u00faltima generaci\u00f3n<\/h1>\n<p>Ofrecemos servicios integrales de todos los campos de la odontolog\u00eda. Adem\u00e1s de los equipos dentales de alta gama, todos los servicios se brindan en un ambiente c\u00f3modo y de lujo. Los nuevos pacientes son recibidos con una consulta de salud bucal gratuita.<\/p>\n<\/div>\n<\/div><\/div><\/div><\/div><div id=\"pgc-2391-0-1\"  class=\"panel-grid-cell panel-grid-cell-empty\" ><\/div><\/div><\/div><div id=\"pg-2391-1\"  class=\"panel-grid panel-has-style\" ><div class=\"siteorigin-panels-stretch tablet-1-in-row mobile-1-in-row desktop-default panel-row-style panel-row-style-for-2391-1\" data-stretch-type=\"full\" ><div id=\"pgc-2391-1-0\"  class=\"panel-grid-cell\" ><div id=\"panel-2391-1-0-0\" class=\"so-panel widget widget_orion_heading_w panel-first-child\" data-index=\"1\" ><div class=\"orion mobile-text-center default panel-widget-style panel-widget-style-for-2391-1-0-0\" ><div class=\"so-widget-orion_heading_w so-widget-orion_heading_w-base\">\n\t\t\t<div class=\"row orion-heading\" style=\"margin-bottom:0px;\">\n\t\t<div class=\"col-md-12  separator-style-2 text-left style-h2 style-text-dark\">\n\t\t\t<h2 class=\"text-dark\">\n\t\t\t\t\u00bfPor qu\u00e9 elegirnos?\t\t\t<\/h2>\n\t\t<\/div>\n\t<\/div>\n\n\t<\/div><\/div><\/div><div id=\"panel-2391-1-0-1\" class=\"so-panel widget widget_orion_list_w\" data-index=\"2\" ><div class=\"orion mobile-text-center default panel-widget-style panel-widget-style-for-2391-1-0-1\" ><div class=\"so-widget-orion_list_w so-widget-orion_list_w-base\"><div class=\"row button-wrap\">\n\t\n\t<div class=\"list-wrap col-md-12\">\n\t\t<ul class=\"no-liststyle size-large\" style=\"background:transparent\">\n\t\t\t\t\n\t\t<li class=\"text-default\" style='padding-bottom:24px;'>\n\t\t\t\t\t\t\t<span class=\"icon\">\n\t\t\t\t\t<span class=\"sow-icon-ionicons\" data-sow-icon=\"&#xf383;\" style=\"color: #00BCD4\"><\/span>\t\t\t\t<\/span>\n\t\t\t\t\t\t\t<div class=\"wrapper\">\n\t\t\t\t\tEquipo dental de alta gama\t\t\t\t<\/div>\n\t\t<\/li>\t\n\n\t\t\t\t\n\t\t<li class=\"text-default\" style='padding-bottom:24px;'>\n\t\t\t\t\t\t\t<span class=\"icon\">\n\t\t\t\t\t<span class=\"sow-icon-ionicons\" data-sow-icon=\"&#xf383;\" style=\"color: #00BCD4\"><\/span>\t\t\t\t<\/span>\n\t\t\t\t\t\t\t<div class=\"wrapper\">\n\t\t\t\t\tEspacios agradables\t\t\t\t<\/div>\n\t\t<\/li>\t\n\n\t\t\t\t\n\t\t<li class=\"text-default\" style='padding-bottom:24px;'>\n\t\t\t\t\t\t\t<span class=\"icon\">\n\t\t\t\t\t<span class=\"sow-icon-ionicons\" data-sow-icon=\"&#xf383;\" style=\"color: #00BCD4\"><\/span>\t\t\t\t<\/span>\n\t\t\t\t\t\t\t<div class=\"wrapper\">\n\t\t\t\t\t Imagen digital\t\t\t\t<\/div>\n\t\t<\/li>\t\n\n\t\t\t\t\n\t\t<li class=\"text-default\" style='padding-bottom:24px;'>\n\t\t\t\t\t\t\t<span class=\"icon\">\n\t\t\t\t\t<span class=\"sow-icon-ionicons\" data-sow-icon=\"&#xf383;\" style=\"color: #00BCD4\"><\/span>\t\t\t\t<\/span>\n\t\t\t\t\t\t\t<div class=\"wrapper\">\n\t\t\t\t\tCirug\u00eda laser\t\t\t\t<\/div>\n\t\t<\/li>\t\n\n\t\t\t\t\n\t\t<li class=\"text-default\" style='padding-bottom:24px;'>\n\t\t\t\t\t\t\t<span class=\"icon\">\n\t\t\t\t\t<span class=\"sow-icon-ionicons\" data-sow-icon=\"&#xf383;\" style=\"color: #00BCD4\"><\/span>\t\t\t\t<\/span>\n\t\t\t\t\t\t\t<div class=\"wrapper\">\n\t\t\t\t\t Odontolog\u00eda con sedaci\u00f3n\t\t\t\t<\/div>\n\t\t<\/li>\t\n\n\t\t\t<\/ul>\n\t<\/div>\n<\/div><\/div><\/div><\/div><div id=\"panel-2391-1-0-2\" class=\"so-panel widget widget_orion_empty_space_w panel-last-child\" data-index=\"3\" ><div class=\"orion default panel-widget-style panel-widget-style-for-2391-1-0-2\" ><div class=\"so-widget-orion_empty_space_w so-widget-orion_empty_space_w-base\">\t<div class=\"row empty-space  visible-lg visible-md visible-sm visible-xs\" style=\"height:36px;\">\n\t<\/div><\/div><\/div><\/div><\/div><div id=\"pgc-2391-1-1\"  class=\"panel-grid-cell\" ><div class=\"panel-cell-style panel-cell-style-for-2391-1-1\" ><div id=\"panel-2391-1-1-0\" class=\"so-panel widget widget_orion_simple_gallery panel-first-child panel-last-child\" data-index=\"4\" ><div class=\"orion default panel-widget-style panel-widget-style-for-2391-1-1-0\" ><div class=\"so-widget-orion_simple_gallery so-widget-orion_simple_gallery-base\"><div class=\"row orion-simple-gallery carousel\">\n\n\n\t<div class=\"wrapper type-dots\">\t\n\t\t\t\t\t\n\t\t\n\n\t\t<div class=\"owl-carousel owl-theme clearfix\" data-col=\"1\" data-autoplay=\"true\" data-autoplaytimeout=5000 data-dots=\"1\">\n\n\t\t\t\t\t\t\t\t\t\t\t\t\t\t\t\t<div class=\"col-md-12\">\n\t\t\t\t<div class=\"image-w relative\">\n\n\t\t\t\t\t\t\t\t\t\t\t\t\n\t\t\t\t\t\t\t\t\t\t\t\t\t<div class=\" overlay-none overlay-hover-none scale-none\">\n\t\t\t\t\t\t\t\t\t\t\t\t\t\n\t\t\t\t\t\t\t\t\t\t\t\t\t<img fetchpriority=\"high\" decoding=\"async\" width=\"750\" height=\"500\" src=\"https:\/\/servismile.pro\/wp-content\/uploads\/2023\/10\/p1-750x500.jpg\" class=\"attachment-orion_carousel size-orion_carousel\" alt=\"\" \/>\t\t\t\t\t\t\t<div class=\"overlay\"><\/div>\n\t\t\t\t\t\t\n\t\t\t\t\t\t\t\t\t\t\t\t\t<\/div>\n\t\t\t\t\t\t\t\n\t\t\t\t\t\n\t\t\t\t\t<div class=\"absolute\">\n\t\t\t\t\t\t\n\t\t\t\t\t<\/div>\t\t\t\t\t\n\t\t\t\t<\/div>\n\t\t\t<\/div>\n\t\t\t\t\t\t\t\t<div class=\"col-md-12\">\n\t\t\t\t<div class=\"image-w relative\">\n\n\t\t\t\t\t\t\t\t\t\t\t\t\n\t\t\t\t\t\t\t\t\t\t\t\t\t<div class=\" overlay-none overlay-hover-none scale-none\">\n\t\t\t\t\t\t\t\t\t\t\t\t\t\n\t\t\t\t\t\t\t\t\t\t\t\t\t<img decoding=\"async\" width=\"750\" height=\"500\" src=\"https:\/\/servismile.pro\/wp-content\/uploads\/2023\/10\/p2-750x500.jpg\" class=\"attachment-orion_carousel size-orion_carousel\" alt=\"\" \/>\t\t\t\t\t\t\t<div class=\"overlay\"><\/div>\n\t\t\t\t\t\t\n\t\t\t\t\t\t\t\t\t\t\t\t\t<\/div>\n\t\t\t\t\t\t\t\n\t\t\t\t\t\n\t\t\t\t\t<div class=\"absolute\">\n\t\t\t\t\t\t\n\t\t\t\t\t<\/div>\t\t\t\t\t\n\t\t\t\t<\/div>\n\t\t\t<\/div>\n\t\t\t\t\n\t\t\t\t\t<\/div>\n\t\t\t\t\t\t\t\n\t\t\t\t\t\t\t\n\n\t\t\n\t<\/div>\n<\/div><\/div><\/div><\/div><\/div><\/div><\/div><\/div><div id=\"pg-2391-2\"  class=\"panel-grid panel-has-style\" ><div class=\"siteorigin-panels-stretch tablet-default mobile-1-in-row desktop-default overlay-c3 panel-row-style panel-row-style-for-2391-2\" data-stretch-type=\"full\" ><div id=\"pgc-2391-2-0\"  class=\"panel-grid-cell\" ><div id=\"panel-2391-2-0-0\" class=\"so-panel widget widget_orion_features_w panel-first-child panel-last-child\" data-index=\"5\" ><div class=\"orion default panel-widget-style panel-widget-style-for-2391-2-0-0\" ><div class=\"so-widget-orion_features_w so-widget-orion_features_w-base\">\n<div class=\"features-wrap\">\n\t<div class=\"table-wrap\">\n\t\t\t\t\t\t\n\t\t\t\t\t\t\n\t\t\t<div class=\"feature-item clearfix text-center col-md-4 col-sm-6 text-light\" >\n\t\t\t\t<div class=\"overflow-hidden\">\n\t\t\t\t\t<div class=\"feature-item-wrap table-wrap \">\t\t\n\t\t\t\t\t\t<div class=\"overlay-wrap\" style=\"background-color: transparent;\">\n\t\t\t\t\t\t<\/div>\n\t\t\t\t\t\t<div class=\"image-overlay-wrap\">\n\t\t\t\t\t\t<\/div>\n\t\t\t\t\t\t<div class=\"table-cell\" style=\"height:360px;\">\n\t\t\t\t\t\t\t<div class=\"header\">\n\t\t\t\t\t\t\t\t<span class=\"sow-icon-dentalicons2\" data-sow-icon=\"&#xe917;\" style=\"color: #ffffff; font-size: 84px; line-height: 96px\"><\/span><a class=\"white-hover\" href=\"https:\/\/servismile.pro\/index.php\/servicios\/\"><h4 class=\"item-title white-hover\">NUESTROS SERVICIOS<\/h4><\/a>\t\t\t\t\t\t\t<\/div>\n\t\t\t\t\t\t\t<div class=\"footer\">\n\t\t\t\t\t\t\t\t<p>\n\t\t\t\t\t\t\t\t\tCuidado dental personalizado para sonrisas saludables y radiantes.\t\t\t\t\t\t\t\t<\/p>\t\n\t\t\t\t\t\t\t\t\t\t\t\t\t\t\t\t<a  href=\"https:\/\/servismile.pro\/index.php\/servicios\/\" class=\"btn btn btn-white btn-wire btn-sm\"> \n\t\t\t\t\t\t\t\t\tLeer m\u00e1s <\/a>\t\n\t\t\t\t\t\t\t\t\t\t\t\t\t\t\t<\/div>\n\t\t\t\t\t\t<\/div>\n\t\t\t\t\t<\/div>\n\t\t\t\t<\/div>\n\n\t\t\t<\/div>\n\t\t\t\t\t\n\t\t\t\t\t\t\n\t\t\t<div class=\"feature-item clearfix text-center col-md-4 col-sm-6 text-light\" >\n\t\t\t\t<div class=\"overflow-hidden\">\n\t\t\t\t\t<div class=\"feature-item-wrap table-wrap \">\t\t\n\t\t\t\t\t\t<div class=\"overlay-wrap\" style=\"background-color: transparent;\">\n\t\t\t\t\t\t<\/div>\n\t\t\t\t\t\t<div class=\"image-overlay-wrap\">\n\t\t\t\t\t\t<\/div>\n\t\t\t\t\t\t<div class=\"table-cell\" style=\"height:360px;\">\n\t\t\t\t\t\t\t<div class=\"header\">\n\t\t\t\t\t\t\t\t<span class=\"sow-icon-dentalicons2\" data-sow-icon=\"&#xe91d;\" style=\"color: #fff; font-size: 84px; line-height: 96px\"><\/span><a class=\"white-hover\" href=\"https:\/\/servismile.pro\/index.php\/dental-faqs\/\"><h4 class=\"item-title white-hover\">PREGUNTAS FRECUENTES<\/h4><\/a>\t\t\t\t\t\t\t<\/div>\n\t\t\t\t\t\t\t<div class=\"footer\">\n\t\t\t\t\t\t\t\t<p>\n\t\t\t\t\t\t\t\t\tRespuestas a tus consultas sobre cuidado bucodental eficaz.\t\t\t\t\t\t\t\t<\/p>\t\n\t\t\t\t\t\t\t\t\t\t\t\t\t\t\t\t<a  href=\"https:\/\/servismile.pro\/index.php\/dental-faqs\/\" class=\"btn btn btn-white btn-wire btn-sm\"> \n\t\t\t\t\t\t\t\t\tLeer m\u00e1s <\/a>\t\n\t\t\t\t\t\t\t\t\t\t\t\t\t\t\t<\/div>\n\t\t\t\t\t\t<\/div>\n\t\t\t\t\t<\/div>\n\t\t\t\t<\/div>\n\n\t\t\t<\/div>\n\t\t\t\t\t\n\t\t\t\t\t\t\n\t\t\t<div class=\"feature-item clearfix text-center col-md-4 col-sm-6 text-light\" >\n\t\t\t\t<div class=\"overflow-hidden\">\n\t\t\t\t\t<div class=\"feature-item-wrap table-wrap \">\t\t\n\t\t\t\t\t\t<div class=\"overlay-wrap\" style=\"background-color: transparent;\">\n\t\t\t\t\t\t<\/div>\n\t\t\t\t\t\t<div class=\"image-overlay-wrap\">\n\t\t\t\t\t\t<\/div>\n\t\t\t\t\t\t<div class=\"table-cell\" style=\"height:360px;\">\n\t\t\t\t\t\t\t<div class=\"header\">\n\t\t\t\t\t\t\t\t<span class=\"sow-icon-dentalicons2\" data-sow-icon=\"&#xe91a;\" style=\"color: #ffffff; font-size: 84px; line-height: 96px\"><\/span><a class=\"white-hover\" href=\"https:\/\/servismile.pro\/index.php\/galeria-de-sonrisas\/\"><h4 class=\"item-title white-hover\">GALER\u00cdA DE SONRISAS<\/h4><\/a>\t\t\t\t\t\t\t<\/div>\n\t\t\t\t\t\t\t<div class=\"footer\">\n\t\t\t\t\t\t\t\t<p>\n\t\t\t\t\t\t\t\t\tExplora sonrisas transformadas que inspiran confianza y felicidad.\t\t\t\t\t\t\t\t<\/p>\t\n\t\t\t\t\t\t\t\t\t\t\t\t\t\t\t\t<a  href=\"https:\/\/servismile.pro\/index.php\/galeria-de-sonrisas\/\" class=\"btn btn btn-white btn-wire btn-sm\"> \n\t\t\t\t\t\t\t\t\tLeer m\u00e1s <\/a>\t\n\t\t\t\t\t\t\t\t\t\t\t\t\t\t\t<\/div>\n\t\t\t\t\t\t<\/div>\n\t\t\t\t\t<\/div>\n\t\t\t\t<\/div>\n\n\t\t\t<\/div>\n\t\t\t\t<\/div>\n\n<\/div><\/div><\/div><\/div><\/div><\/div><\/div><div id=\"pg-2391-3\"  class=\"panel-grid panel-has-style\" ><div class=\"siteorigin-panels-stretch tablet-default mobile-1-in-row desktop-default panel-row-style panel-row-style-for-2391-3\" data-stretch-type=\"full\" data-svg-bottom-color=\"#ffffff\" ><div id=\"pgc-2391-3-0\"  class=\"panel-grid-cell panel-grid-cell-empty\" ><\/div><div id=\"pgc-2391-3-1\"  class=\"panel-grid-cell panel-grid-cell-mobile-last\" ><div id=\"panel-2391-3-1-0\" class=\"so-panel widget widget_orion_heading_w panel-first-child\" data-index=\"6\" ><div class=\"orion default panel-widget-style panel-widget-style-for-2391-3-1-0\" ><div class=\"so-widget-orion_heading_w so-widget-orion_heading_w-base\">\n\t\t\t<div class=\"row orion-heading\" style=\"margin-bottom:0px;\">\n\t\t<div class=\"col-md-12  separator-style-1 text-center style-h6 style-primary-color\">\n\t\t\t<h6 class=\"primary-color\">\n\t\t\t\tCONTACTANOS\t\t\t<\/h6>\n\t\t<\/div>\n\t<\/div>\n\n\t<\/div><\/div><\/div><div id=\"panel-2391-3-1-1\" class=\"so-panel widget widget_orion_heading_w\" data-index=\"7\" ><div class=\"orion default panel-widget-style panel-widget-style-for-2391-3-1-1\" ><div class=\"so-widget-orion_heading_w so-widget-orion_heading_w-base\">\n\t\t\t<div class=\"row orion-heading\" style=\"margin-bottom:0px;\">\n\t\t<div class=\"col-md-12   text-center style-h2 style-text-dark\">\n\t\t\t<h2 class=\"text-dark\">\n\t\t\t\tSolicita una cita de valoraci\u00f3n\t\t\t<\/h2>\n\t\t<\/div>\n\t<\/div>\n\n\t<\/div><\/div><\/div><div id=\"panel-2391-3-1-2\" class=\"so-panel widget widget_sow-editor\" data-index=\"8\" ><div class=\"orion default panel-widget-style panel-widget-style-for-2391-3-1-2\" ><div class=\"so-widget-sow-editor so-widget-sow-editor-base\">\n<div class=\"siteorigin-widget-tinymce textwidget\">\n\t<p class=\"lead\" style=\"text-align: center;\">Rellena el siguiente formulario y nos pondremos en contacto contigo durante nuestro horario laboral.<\/p>\n<\/div>\n<\/div><\/div><\/div><div id=\"panel-2391-3-1-3\" class=\"so-panel widget widget_orion_cf7_w panel-last-child\" data-index=\"9\" ><div class=\"orion default panel-widget-style panel-widget-style-for-2391-3-1-3\" ><div class=\"so-widget-orion_cf7_w so-widget-orion_cf7_w-base\"><div role=\"form\" class=\"wpcf7\" id=\"wpcf7-f913-o1\" lang=\"en-US\" dir=\"ltr\">\n<div class=\"screen-reader-response\"><\/div>\n<form action=\"\/index.php\/wp-json\/wp\/v2\/pages\/2391#wpcf7-f913-o1\" method=\"post\" class=\"wpcf7-form\" novalidate=\"novalidate\">\n<div style=\"display: none;\">\n<input type=\"hidden\" name=\"_wpcf7\" value=\"913\" \/>\n<input type=\"hidden\" name=\"_wpcf7_version\" value=\"5.1.4\" \/>\n<input type=\"hidden\" name=\"_wpcf7_locale\" value=\"en_US\" \/>\n<input type=\"hidden\" name=\"_wpcf7_unit_tag\" value=\"wpcf7-f913-o1\" \/>\n<input type=\"hidden\" name=\"_wpcf7_container_post\" value=\"0\" \/>\n<\/div>\n<div class=\"wpcf7-form row\">\n<div class=\"col-md-6 name\"><span class=\"wpcf7-form-control-wrap text-name\"><input type=\"text\" name=\"text-name\" value=\"\" size=\"40\" class=\"wpcf7-form-control wpcf7-text wpcf7-validates-as-required\" aria-required=\"true\" aria-invalid=\"false\" placeholder=\"Nombre completo\" \/><\/span><\/div>\n<div class=\"col-md-6 phone\"><span class=\"wpcf7-form-control-wrap text-phone\"><input type=\"text\" name=\"text-phone\" value=\"\" size=\"40\" class=\"wpcf7-form-control wpcf7-text wpcf7-validates-as-required\" aria-required=\"true\" aria-invalid=\"false\" placeholder=\"N\u00famero de tel\u00e9fono\" \/><\/span><\/div>\n<div class=\"col-md-12 email\"><span class=\"wpcf7-form-control-wrap email-777\"><input type=\"email\" name=\"email-777\" value=\"\" size=\"40\" class=\"wpcf7-form-control wpcf7-text wpcf7-email wpcf7-validates-as-required wpcf7-validates-as-email\" aria-required=\"true\" aria-invalid=\"false\" placeholder=\"E-mail\" \/><\/span><\/div>\n<div class=\"col-md-12\"><span class=\"wpcf7-form-control-wrap textarea-notes\"><textarea name=\"textarea-notes\" cols=\"40\" rows=\"10\" class=\"wpcf7-form-control wpcf7-textarea\" aria-invalid=\"false\" placeholder=\"Cu\u00e9ntanos como te podemos ayudar hoy\"><\/textarea><\/span><\/div>\n<div class=\"col-md-8 select\"><span class=\"wpcf7-form-control-wrap reply\"><select name=\"reply\" class=\"wpcf7-form-control wpcf7-select form-control\" aria-invalid=\"false\"><option value=\"\u00bfComo quieres una respuesta?\">\u00bfComo quieres una respuesta?<\/option><option value=\"Recibir una respuesta a trav\u00e9s de correo electr\u00f3nico\">Recibir una respuesta a trav\u00e9s de correo electr\u00f3nico<\/option><option value=\"Recibir una respuesta a trav\u00e9s de una llamada\">Recibir una respuesta a trav\u00e9s de una llamada<\/option><\/select><\/span><\/div>\n<div class=\"col-md-4\"><input type=\"submit\" value=\"Enviar\" class=\"wpcf7-form-control wpcf7-submit btn btn-c1 btn-lg btn-block\" \/><\/div>\n<\/div>\n<div class=\"wpcf7-response-output wpcf7-display-none\"><\/div><\/form><\/div><\/div><\/div><\/div><\/div><div id=\"pgc-2391-3-2\"  class=\"panel-grid-cell panel-grid-cell-empty\" ><\/div><\/div><\/div><\/div>","protected":false},"excerpt":{"rendered":"<p>Odontolog\u00eda de \u00faltima generaci\u00f3n Ofrecemos servicios integrales de todos los campos de la odontolog\u00eda. Adem\u00e1s de los equipos dentales de alta gama, todos los servicios se brindan en un ambiente c\u00f3modo y de lujo. Los nuevos pacientes son recibidos con una consulta de salud bucal gratuita.<\/p>\n","protected":false},"author":1,"featured_media":0,"parent":0,"menu_order":0,"comment_status":"closed","ping_status":"closed","template":"","meta":{"footnotes":""},"class_list":["post-2391","page","type-page","status-publish","hentry"],"_links":{"self":[{"href":"https:\/\/servismile.pro\/index.php\/wp-json\/wp\/v2\/pages\/2391","targetHints":{"allow":["GET"]}}],"collection":[{"href":"https:\/\/servismile.pro\/index.php\/wp-json\/wp\/v2\/pages"}],"about":[{"href":"https:\/\/servismile.pro\/index.php\/wp-json\/wp\/v2\/types\/page"}],"author":[{"embeddable":true,"href":"https:\/\/servismile.pro\/index.php\/wp-json\/wp\/v2\/users\/1"}],"replies":[{"embeddable":true,"href":"https:\/\/servismile.pro\/index.php\/wp-json\/wp\/v2\/comments?post=2391"}],"version-history":[{"count":7,"href":"https:\/\/servismile.pro\/index.php\/wp-json\/wp\/v2\/pages\/2391\/revisions"}],"predecessor-version":[{"id":2804,"href":"https:\/\/servismile.pro\/index.php\/wp-json\/wp\/v2\/pages\/2391\/revisions\/2804"}],"wp:attachment":[{"href":"https:\/\/servismile.pro\/index.php\/wp-json\/wp\/v2\/media?parent=2391"}],"curies":[{"name":"wp","href":"https:\/\/api.w.org\/{rel}","templated":true}]}}