{"id":1056,"date":"2016-10-08T18:45:42","date_gmt":"2016-10-08T18:45:42","guid":{"rendered":"http:\/\/dentalia.orionthemes.com\/demo-1\/?page_id=1056"},"modified":"2023-10-17T21:39:34","modified_gmt":"2023-10-17T19:39:34","slug":"odontologia-general","status":"publish","type":"page","link":"https:\/\/servismile.pro\/index.php\/servicios\/odontologia-general\/","title":{"rendered":"Odontolog\u00eda general"},"content":{"rendered":"<div id=\"pl-1056\"  class=\"panel-layout\" ><div id=\"pg-1056-0\"  class=\"panel-grid panel-has-style\" ><div class=\"tablet-1-in-row mobile-1-in-row desktop-default panel-row-style panel-row-style-for-1056-0\" ><div id=\"pgc-1056-0-0\"  class=\"panel-grid-cell\" ><div id=\"panel-1056-0-0-0\" class=\"so-panel widget widget_orion_heading_w panel-first-child\" data-index=\"0\" ><div class=\"orion mobile-text-center tablets-text-center default panel-widget-style panel-widget-style-for-1056-0-0-0\" ><div class=\"so-widget-orion_heading_w so-widget-orion_heading_w-base\">\n\t\t\t<div class=\"row orion-heading\" style=\"margin-bottom:0px;\">\n\t\t<div class=\"col-md-12  separator-style-1 text-left style-h6 style-primary-color\">\n\t\t\t<h6 class=\"primary-color\">\n\t\t\t\tCOMENZAR CON UN BUEN CUIDADO DENTAL\t\t\t<\/h6>\n\t\t<\/div>\n\t<\/div>\n\n\t<\/div><\/div><\/div><div id=\"panel-1056-0-0-1\" class=\"so-panel widget widget_orion_heading_w\" data-index=\"1\" ><div class=\"orion mobile-text-center tablets-text-center default panel-widget-style panel-widget-style-for-1056-0-0-1\" ><div class=\"so-widget-orion_heading_w so-widget-orion_heading_w-base\">\n\t\t\t<div class=\"row orion-heading\" style=\"margin-bottom:0px;\">\n\t\t<div class=\"col-md-12   text-left style-h2 style-text-dark\">\n\t\t\t<h2 class=\"text-dark\">\n\t\t\t\t Odontolog\u00eda General y Familiar\t\t\t<\/h2>\n\t\t<\/div>\n\t<\/div>\n\n\t<\/div><\/div><\/div><div id=\"panel-1056-0-0-2\" class=\"so-panel widget widget_sow-editor panel-last-child\" data-index=\"2\" ><div class=\"orion mobile-text-center tablets-text-center default panel-widget-style panel-widget-style-for-1056-0-0-2\" ><div class=\"so-widget-sow-editor so-widget-sow-editor-base\">\n<div class=\"siteorigin-widget-tinymce textwidget\">\n\t<p class=\"lead\"><strong>La odontolog\u00eda familiar es para pacientes de todas las edades y ofrece atenci\u00f3n dental completa e integral.<\/strong><\/p>\n<p class=\"lead\">En Servismile ofrecemos atenci\u00f3n dental profesional que incluye chequeos, consultas de salud bucal y cualquier tratamiento dental necesario. Ense\u00f1ar a los ni\u00f1os sobre higiene bucal puede ayudarles a mantener una sonrisa hermosa y saludable de por vida.<\/p>\n<\/div>\n<\/div><\/div><\/div><\/div><div id=\"pgc-1056-0-1\"  class=\"panel-grid-cell\" ><div id=\"panel-1056-0-1-0\" class=\"so-panel widget widget_orion_image_w panel-first-child panel-last-child\" data-index=\"3\" ><div class=\"orion mobile-text-center tablets-text-center default panel-widget-style panel-widget-style-for-1056-0-1-0\" ><div class=\"so-widget-orion_image_w so-widget-orion_image_w-base\">\n<div class=\"image-w relative\">\n\n\t\t\t\t\n\t\t\t\t\t<div class=\"orion_square overlay-none overlay-hover-none\">\n\t\t\n\t\t\t\t\t<img fetchpriority=\"high\" decoding=\"async\" width=\"525\" height=\"371\" src=\"https:\/\/servismile.pro\/wp-content\/uploads\/2023\/10\/logoservis.png\" class=\"attachment-orion_square size-orion_square\" alt=\"\" \/>\t\t\t<div class=\"overlay\"><\/div>\n\t\t\n\t\t\t\t\t<\/div>\n\t\t\t\n\t\n\t<div class=\"absolute\">\n\t\t<div class=\"hover-desc table-wrap\">\n\t\t\t<div class=\"cell-wrap\">\n\t\t\t\t<h4 class=\"text-light\"><\/h4>\n\t\t\t<\/div>\n\t\t<\/div>\n\t<\/div>\t\t\t\t\t\n<\/div>\n\n<\/div><\/div><\/div><\/div><\/div><\/div><div id=\"pg-1056-1\"  class=\"panel-grid panel-has-style\" ><div class=\"siteorigin-panels-stretch tablet-default mobile-1-in-row desktop-default panel-row-style panel-row-style-for-1056-1\" data-stretch-type=\"full\" ><div id=\"pgc-1056-1-0\"  class=\"panel-grid-cell\" ><div id=\"panel-1056-1-0-0\" class=\"so-panel widget widget_orion_icon_text_w panel-first-child panel-last-child\" data-index=\"4\" ><div class=\"orion default panel-widget-style panel-widget-style-for-1056-1-0-0\" ><div class=\"so-widget-orion_icon_text_w so-widget-orion_icon_text_w-base\">\n<div class=\"row icon-box-items-wrap grid icon-top\">\n \n\t\n\t\t\n\t\t\n\t\t\t\t\n\t\t\n\t\t<div class=\"icon-box-wrap clearfix col-lg-3 col-sm-6 text-dark\" style=\"margin-bottom:60px;\">\t\t\n\n\t\t\t\t\t\t\t\t\t\t<div class=\"icon-wrap relative  circle\">\n\t\t\t\t\t<span class=\"sow-icon-dentalicons\" data-sow-icon=\"&#xe806;\" style=\"color: #00bcd4; background-color: #ffffff\"><\/span>\t\t\t\t\t\t\t\t\t<\/div>\n\t\t\t\n\t\t\t<h4 class=\"item-title\"> Dolor de muelas<\/h4>\t\t\t\n\n\t\t\t<span class=\"description\">El dolor de dientes puede deberse a varios problemas. El examen bucal puede ayudar a determinar la causa.<\/span>\n\n\t\t<\/div>\n\t\n\t\t\n\t\t\n\t\t\t\t\n\t\t\n\t\t<div class=\"icon-box-wrap clearfix col-lg-3 col-sm-6 text-dark\" style=\"margin-bottom:60px;\">\t\t\n\n\t\t\t\t\t\t\t\t\t\t<div class=\"icon-wrap relative  circle\">\n\t\t\t\t\t<span class=\"sow-icon-dentalicons\" data-sow-icon=\"&#xe814;\" style=\"color: #00bcd4; background-color: #ffffff\"><\/span>\t\t\t\t\t\t\t\t\t<\/div>\n\t\t\t\n\t\t\t<h4 class=\"item-title\">Diente roto o astillado<\/h4>\t\t\t\n\n\t\t\t<span class=\"description\">Los dientes astillados se pueden tratar mediante un adhesivo cosm\u00e9tico o una restauraci\u00f3n de porcelana.<\/span>\n\n\t\t<\/div>\n\t\n\t\t\n\t\t\n\t\t\t\t\n\t\t\n\t\t<div class=\"icon-box-wrap clearfix col-lg-3 col-sm-6 text-dark\" style=\"margin-bottom:60px;\">\t\t\n\n\t\t\t\t\t\t\t\t\t\t<div class=\"icon-wrap relative  circle\">\n\t\t\t\t\t<span class=\"sow-icon-dentalicons\" data-sow-icon=\"&#xe817;\" style=\"color: #00bcd4; background-color: #ffffff\"><\/span>\t\t\t\t\t\t\t\t\t<\/div>\n\t\t\t\n\t\t\t<h4 class=\"item-title\"> Caries y deterioro<\/h4>\t\t\t\n\n\t\t\t<span class=\"description\">Utilizamos tecnolog\u00eda moderna para detectar las caries en las primeras etapas, salvando y preservando tus dientes.<\/span>\n\n\t\t<\/div>\n\t\n\t\t\n\t\t\n\t\t\t\t\n\t\t\n\t\t<div class=\"icon-box-wrap clearfix col-lg-3 col-sm-6 text-dark\" style=\"margin-bottom:60px;\">\t\t\n\n\t\t\t\t\t\t\t\t\t\t<div class=\"icon-wrap relative  circle\">\n\t\t\t\t\t<span class=\"sow-icon-dentalicons\" data-sow-icon=\"&#xe815;\" style=\"color: #00bcd4; background-color: #ffffff\"><\/span>\t\t\t\t\t\t\t\t\t<\/div>\n\t\t\t\n\t\t\t<h4 class=\"item-title\"> Manchas de dientes<\/h4>\t\t\t\n\n\t\t\t<span class=\"description\">Ofrecemos un par de procedimientos de blanqueamiento para iluminar sus dientes y devolverle la sonrisa a su rostro.<\/span>\n\n\t\t<\/div>\n\t\n<\/div><\/div><\/div><\/div><\/div><\/div><\/div><div id=\"pg-1056-2\"  class=\"panel-grid panel-has-style\" ><div class=\"orion-collapse-right-top tablet-default mobile-1-in-row desktop-default panel-row-style panel-row-style-for-1056-2\" ><div id=\"pgc-1056-2-0\"  class=\"panel-grid-cell\" ><div id=\"panel-1056-2-0-0\" class=\"so-panel widget widget_sow-editor panel-first-child panel-last-child\" data-index=\"5\" ><div class=\"orion default panel-widget-style panel-widget-style-for-1056-2-0-0\" ><div class=\"so-widget-sow-editor so-widget-sow-editor-base\"><h3 class=\"widget-title\">M\u00c9TODOS DE PAGO<\/h3>\n<div class=\"siteorigin-widget-tinymce textwidget\">\n\t<p>Tu experiencia con nosotros es importante, y queremos hacerla lo m\u00e1s conveniente posible. Aceptamos una variedad de m\u00e9todos de pago, incluidas tarjetas de cr\u00e9dito, d\u00e9bito y pagos en efectivo. Adem\u00e1s, ofrecemos opciones de financiamiento flexibles para que puedas recibir el tratamiento que necesitas sin comprometer tu presupuesto. Con nosotros, el acceso a una atenci\u00f3n odontol\u00f3gica de calidad se combina con opciones de pago que se adaptan a tus necesidades financieras.<\/p>\n<\/div>\n<\/div><\/div><\/div><\/div><div id=\"pgc-1056-2-1\"  class=\"panel-grid-cell\" ><div id=\"panel-1056-2-1-0\" class=\"so-panel widget widget_sow-editor panel-first-child panel-last-child\" data-index=\"6\" ><div class=\"orion default panel-widget-style panel-widget-style-for-1056-2-1-0\" ><div class=\"so-widget-sow-editor so-widget-sow-editor-base\"><h3 class=\"widget-title\"> SEGURO<\/h3>\n<div class=\"siteorigin-widget-tinymce textwidget\">\n\t<p>En nuestra cl\u00ednica, entendemos la importancia de la tranquilidad cuando se trata de tu salud bucodental. Por eso, ofrecemos un seguro dental completo que abarca desde tratamientos de rutina hasta intervenciones complejas. Con nuestro seguro, puedes acceder a atenci\u00f3n de calidad sin preocuparte por los costos inesperados. Estamos comprometidos a brindarte una sonrisa saludable y hermosa, respaldada por un plan de seguro dise\u00f1ado para tu comodidad y paz mental.<\/p>\n<\/div>\n<\/div><\/div><\/div><\/div><\/div><\/div><div id=\"pg-1056-3\"  class=\"panel-grid panel-has-style\" ><div class=\"siteorigin-panels-stretch tablet-1-in-row mobile-1-in-row desktop-default text-light overlay-c1-c2 panel-row-style panel-row-style-for-1056-3\" data-stretch-type=\"full\" ><div id=\"pgc-1056-3-0\"  class=\"panel-grid-cell\" ><div id=\"panel-1056-3-0-0\" class=\"so-panel widget widget_sow-editor panel-first-child\" data-index=\"7\" ><div class=\"orion mobile-text-center default panel-widget-style panel-widget-style-for-1056-3-0-0\" ><div class=\"so-widget-sow-editor so-widget-sow-editor-base\">\n<div class=\"siteorigin-widget-tinymce textwidget\">\n\t<p class=\"lead\">AGENDA UNA CITA DE VALORACI\u00d3N GRATUITA AHORA MISMO<\/p>\n<\/div>\n<\/div><\/div><\/div><div id=\"panel-1056-3-0-1\" class=\"so-panel widget widget_orion_empty_space_w panel-last-child\" data-index=\"8\" ><div class=\"orion default panel-widget-style panel-widget-style-for-1056-3-0-1\" ><div class=\"so-widget-orion_empty_space_w so-widget-orion_empty_space_w-base\">\t<div class=\"row empty-space  visible-sm visible-xs\" style=\"height:12px;\">\n\t<\/div><\/div><\/div><\/div><\/div><div id=\"pgc-1056-3-1\"  class=\"panel-grid-cell\" ><div class=\"panel-cell-style panel-cell-style-for-1056-3-1\" ><div id=\"panel-1056-3-1-0\" class=\"so-panel widget widget_orion_button_w panel-first-child panel-last-child\" data-index=\"9\" ><div class=\"orion default panel-widget-style panel-widget-style-for-1056-3-1-0\" ><div class=\"so-widget-orion_button_w so-widget-orion_button_w-base\">\n\t\t\t<a class=\"btn btn-white icon-right btn-wire btn-md block\" target=_blank href=\"https:\/\/api.whatsapp.com\/send?phone=593978838564\">\n\t\t\tSOLICITAR VALORACI\u00d3N<span class=\"sow-icon-fontawesome sow-far\" data-sow-icon=\"&#xf133;\" ><\/span>\t\t\n\t\t<\/a>\n\t\n\n\n\n<\/div><\/div><\/div><\/div><\/div><\/div><\/div><\/div>","protected":false},"excerpt":{"rendered":"<p>Family dentistry is for patients of all ages offering complete, comprehensive dental care.<\/p>\n","protected":false},"author":1,"featured_media":2512,"parent":968,"menu_order":0,"comment_status":"closed","ping_status":"closed","template":"","meta":{"footnotes":""},"class_list":["post-1056","page","type-page","status-publish","has-post-thumbnail","hentry"],"_links":{"self":[{"href":"https:\/\/servismile.pro\/index.php\/wp-json\/wp\/v2\/pages\/1056","targetHints":{"allow":["GET"]}}],"collection":[{"href":"https:\/\/servismile.pro\/index.php\/wp-json\/wp\/v2\/pages"}],"about":[{"href":"https:\/\/servismile.pro\/index.php\/wp-json\/wp\/v2\/types\/page"}],"author":[{"embeddable":true,"href":"https:\/\/servismile.pro\/index.php\/wp-json\/wp\/v2\/users\/1"}],"replies":[{"embeddable":true,"href":"https:\/\/servismile.pro\/index.php\/wp-json\/wp\/v2\/comments?post=1056"}],"version-history":[{"count":5,"href":"https:\/\/servismile.pro\/index.php\/wp-json\/wp\/v2\/pages\/1056\/revisions"}],"predecessor-version":[{"id":2902,"href":"https:\/\/servismile.pro\/index.php\/wp-json\/wp\/v2\/pages\/1056\/revisions\/2902"}],"up":[{"embeddable":true,"href":"https:\/\/servismile.pro\/index.php\/wp-json\/wp\/v2\/pages\/968"}],"wp:featuredmedia":[{"embeddable":true,"href":"https:\/\/servismile.pro\/index.php\/wp-json\/wp\/v2\/media\/2512"}],"wp:attachment":[{"href":"https:\/\/servismile.pro\/index.php\/wp-json\/wp\/v2\/media?parent=1056"}],"curies":[{"name":"wp","href":"https:\/\/api.w.org\/{rel}","templated":true}]}}