{"id":1054,"date":"2016-10-08T18:45:29","date_gmt":"2016-10-08T18:45:29","guid":{"rendered":"http:\/\/dentalia.orionthemes.com\/demo-1\/?page_id=1054"},"modified":"2023-10-17T21:04:02","modified_gmt":"2023-10-17T19:04:02","slug":"odontologia-cosmetica","status":"publish","type":"page","link":"https:\/\/servismile.pro\/index.php\/servicios\/odontologia-cosmetica\/","title":{"rendered":"Odontolog\u00eda cosm\u00e9tica"},"content":{"rendered":"<div id=\"pl-1054\"  class=\"panel-layout\" ><div id=\"pg-1054-0\"  class=\"panel-grid panel-has-style\" ><div class=\"tablet-1-in-row mobile-1-in-row desktop-default panel-row-style panel-row-style-for-1054-0\" ><div id=\"pgc-1054-0-0\"  class=\"panel-grid-cell\" ><div id=\"panel-1054-0-0-0\" class=\"so-panel widget widget_orion_heading_w panel-first-child\" data-index=\"0\" ><div class=\"orion mobile-text-center tablets-text-center default panel-widget-style panel-widget-style-for-1054-0-0-0\" ><div class=\"so-widget-orion_heading_w so-widget-orion_heading_w-base\">\n\t\t\t<div class=\"row orion-heading\" style=\"margin-bottom:0px;\">\n\t\t<div class=\"col-md-12  separator-style-1 text-left style-h6 style-primary-color\">\n\t\t\t<h6 class=\"primary-color\">\n\t\t\t\tCREANDO HERMOSAS SONRISAS CON\t\t\t<\/h6>\n\t\t<\/div>\n\t<\/div>\n\n\t<\/div><\/div><\/div><div id=\"panel-1054-0-0-1\" class=\"so-panel widget widget_orion_heading_w\" data-index=\"1\" ><div class=\"orion mobile-text-center tablets-text-center default panel-widget-style panel-widget-style-for-1054-0-0-1\" ><div class=\"so-widget-orion_heading_w so-widget-orion_heading_w-base\">\n\t\t\t<div class=\"row orion-heading\" style=\"margin-bottom:0px;\">\n\t\t<div class=\"col-md-12   text-left style-h2 style-text-dark\">\n\t\t\t<h2 class=\"text-dark\">\n\t\t\t\t Servicios dentales cosm\u00e9ticos\t\t\t<\/h2>\n\t\t<\/div>\n\t<\/div>\n\n\t<\/div><\/div><\/div><div id=\"panel-1054-0-0-2\" class=\"so-panel widget widget_sow-editor panel-last-child\" data-index=\"2\" ><div class=\"orion mobile-text-center tablets-text-center default panel-widget-style panel-widget-style-for-1054-0-0-2\" ><div class=\"so-widget-sow-editor so-widget-sow-editor-base\">\n<div class=\"siteorigin-widget-tinymce textwidget\">\n\t<p class=\"lead\"><strong>Una bonita sonrisa contribuye a un mejor estado de \u00e1nimo, afecta a la autoestima y nos permite dar una buena impresi\u00f3n a los dem\u00e1s.<\/strong><\/p>\n<p class=\"lead\">En nuestra cl\u00ednica dental ofrecemos m\u00e9todos y tecnolog\u00edas avanzadas con las que ayudamos a la blancura de tu sonrisa. Nuestros servicios cosm\u00e9ticos incluyen blanqueamiento dental con l\u00e1ser, cementaci\u00f3n dental, ortodoncia, implantes dentales y carillas de porcelana.<\/p>\n<\/div>\n<\/div><\/div><\/div><\/div><div id=\"pgc-1054-0-1\"  class=\"panel-grid-cell\" ><div id=\"panel-1054-0-1-0\" class=\"so-panel widget widget_orion_image_w panel-first-child panel-last-child\" data-index=\"3\" ><div class=\"orion mobile-text-center tablets-text-center default panel-widget-style panel-widget-style-for-1054-0-1-0\" ><div class=\"so-widget-orion_image_w so-widget-orion_image_w-base\">\n<div class=\"image-w relative\">\n\n\t\t\t\t\n\t\t\t\t\t<div class=\"orion_circle image-wrap rounded overlay-none overlay-hover-none\">\n\t\t\n\t\t\t\t<div class=\"circle-wrap\">\n\t\t\t\t\t<img fetchpriority=\"high\" decoding=\"async\" width=\"750\" height=\"750\" src=\"https:\/\/servismile.pro\/wp-content\/uploads\/2023\/10\/cosmeticos-750x750.jpg\" class=\"attachment-orion_square size-orion_square\" alt=\"\" \/>\t\t\t<div class=\"overlay\"><\/div>\n\t\t\t\t<\/div>\n\t\t\n\t\t\t\t\t<\/div>\n\t\t\t\n\t\n\t<div class=\"absolute\">\n\t\t<div class=\"hover-desc table-wrap\">\n\t\t\t<div class=\"cell-wrap\">\n\t\t\t\t<h4 class=\"text-light\"><\/h4>\n\t\t\t<\/div>\n\t\t<\/div>\n\t<\/div>\t\t\t\t\t\n<\/div>\n\n<\/div><\/div><\/div><\/div><\/div><\/div><div id=\"pg-1054-1\"  class=\"panel-grid panel-has-style\" ><div class=\"siteorigin-panels-stretch tablet-1-in-row mobile-1-in-row desktop-default text-dark panel-row-style panel-row-style-for-1054-1\" style=\"background-position: right bottom; background-repeat: no-repeat;\" data-stretch-type=\"full\" data-svg-bottom-color=\"#ffffff\" data-svg-top-color=\"#f8f8f8\" ><div id=\"pgc-1054-1-0\"  class=\"panel-grid-cell\" ><div id=\"panel-1054-1-0-0\" class=\"so-panel widget widget_orion_heading_w panel-first-child\" data-index=\"4\" ><div class=\"orion default panel-widget-style panel-widget-style-for-1054-1-0-0\" ><div class=\"so-widget-orion_heading_w so-widget-orion_heading_w-base\">\n\t\t\t<div class=\"row orion-heading\" style=\"margin-bottom:0px;\">\n\t\t<div class=\"col-md-12  separator-style-2 text-left style-h3 style-text-dark\">\n\t\t\t<h3 class=\"text-dark\">\n\t\t\t\tServicios populares\t\t\t<\/h3>\n\t\t<\/div>\n\t<\/div>\n\n\t<\/div><\/div><\/div><div id=\"panel-1054-1-0-1\" class=\"so-panel widget widget_orion_featured_pages panel-last-child\" data-index=\"5\" ><div class=\"orion default panel-widget-style panel-widget-style-for-1054-1-0-1\" ><div class=\"so-widget-orion_featured_pages so-widget-orion_featured_pages-base\">\n<div class=\"row featured-pages grid\">\n\n\n\t<div class=\"wrapper\">\t\n\t\t\t\t\t\t\t\t\t\t\t<article class=\"item col-md-4 col-sm-6 has_padding\">\n\n\t\t\t\t\t\t\t\n\t\t\t\t\t\t\t\t\t\t<header class=\"entry-header\">\n\t\t\t\t\n\t\t\t\t\t\t\t\t\t\t\t<a href=\"https:\/\/servismile.pro\/index.php\/servicios\/odontologia-cosmetica\/blanqueamiento-dental\/\" class=\"image-wrap overlay-greyscale overlay-hover-none scale-zoomout\">\n\t\t\t\t\t\t\t<img decoding=\"async\" width=\"750\" height=\"500\" src=\"https:\/\/servismile.pro\/wp-content\/uploads\/2023\/10\/dientes-amarillos-750x500.jpg\" class=\"attachment-orion_carousel size-orion_carousel wp-post-image\" alt=\"\" \/>\t\t\t\t\t\t\t<div class=\"overlay\"><\/div>\n\t\t\t\t\t\t<\/a>\n\t\t\t\t\t\t\t\t\t\t\t\n\n\t\t\t\t\t<\/header>\n\t\t\t\t\t\t\t\t\t\t\t\t<div class=\"entry-content  padding-medium\" style=\"background-color: rgba(255,255,255,1)\">\n\t\t\t\t\t\t\t\t\t\t\t\n\t\t\t\t\t\t\t<h4 class=\"item-title primary-hover \">\n\t\t\t\t\t\t\t\t<a class=\"item-title\" title=\"Blanqueamiento dental\" href=\"https:\/\/servismile.pro\/index.php\/servicios\/odontologia-cosmetica\/blanqueamiento-dental\/\"> \n\t\t\t\t\t\t\t Blanqueamiento dental<\/a>\n\t\t\t\t\t\t\t\n\t\t\t\t\t\t\t <\/h4>\n\t\t\t\t\t\t\n\t\t\t\t\t\t\t\t\t\t\t\t\n\n\t\t\t\t\t\t\t\n\t\t\t\t\t\t\t\n\t\t\t\t\t\t\t\t\t\t\t\t\t\t\t\t\t\t\t<div class=\"excerpt\"> \n\t\t\t\t\t\t\t\t<p>El blanqueamiento dental con l\u00e1ser nos permite blanquear sus dientes hasta en 8 tonos en una sola visita.<\/p>\n\t\t\t\t\t\t\t<\/div>\n\t\t\t\t\t\t\t\t\t\t\t\t\t\t\t\n\t\t\t\t\t\t\t\t\t\t\t<a class=\"btn btn-sm btn-c1 btn-flat\" title=\"Blanqueamiento dental\" href=\"https:\/\/servismile.pro\/index.php\/servicios\/odontologia-cosmetica\/blanqueamiento-dental\/\">Read more<\/a>\n\t\t\t\t\t\t\t\t\t<\/div>\t\t\t\t\t\t\n\t\t\t<\/article>\n\t\t\t\t\t\t\t\t<article class=\"item col-md-4 col-sm-6 has_padding\">\n\n\t\t\t\t\t\t\t\n\t\t\t\t\t\t\t\t\t\t<header class=\"entry-header\">\n\t\t\t\t\n\t\t\t\t\t\t\t\t\t\t\t<a href=\"https:\/\/servismile.pro\/index.php\/servicios\/odontologia-restauradora\/implantes-dentales\/\" class=\"image-wrap overlay-greyscale overlay-hover-none scale-zoomout\">\n\t\t\t\t\t\t\t<img decoding=\"async\" width=\"750\" height=\"500\" src=\"https:\/\/servismile.pro\/wp-content\/uploads\/2023\/10\/implantes-750x500.jpg\" class=\"attachment-orion_carousel size-orion_carousel wp-post-image\" alt=\"\" \/>\t\t\t\t\t\t\t<div class=\"overlay\"><\/div>\n\t\t\t\t\t\t<\/a>\n\t\t\t\t\t\t\t\t\t\t\t\n\n\t\t\t\t\t<\/header>\n\t\t\t\t\t\t\t\t\t\t\t\t<div class=\"entry-content  padding-medium\" style=\"background-color: rgba(255,255,255,1)\">\n\t\t\t\t\t\t\t\t\t\t\t\n\t\t\t\t\t\t\t<h4 class=\"item-title primary-hover \">\n\t\t\t\t\t\t\t\t<a class=\"item-title\" title=\"Implantes dentales\" href=\"https:\/\/servismile.pro\/index.php\/servicios\/odontologia-restauradora\/implantes-dentales\/\"> \n\t\t\t\t\t\t\t Implantes dentales<\/a>\n\t\t\t\t\t\t\t\n\t\t\t\t\t\t\t <\/h4>\n\t\t\t\t\t\t\n\t\t\t\t\t\t\t\t\t\t\t\t\n\n\t\t\t\t\t\t\t\n\t\t\t\t\t\t\t\n\t\t\t\t\t\t\t\t\t\t\t\t\t\t\t\t\t\t\t<div class=\"excerpt\"> \n\t\t\t\t\t\t\t\t<p>Los implantes dentales representan un procedimiento com\u00fan para reemplazar permanentemente los dientes perdidos sin afectar los dientes vecinos.<\/p>\n\t\t\t\t\t\t\t<\/div>\n\t\t\t\t\t\t\t\t\t\t\t\t\t\t\t\n\t\t\t\t\t\t\t\t\t\t\t<a class=\"btn btn-sm btn-c1 btn-flat\" title=\"Implantes dentales\" href=\"https:\/\/servismile.pro\/index.php\/servicios\/odontologia-restauradora\/implantes-dentales\/\">Read more<\/a>\n\t\t\t\t\t\t\t\t\t<\/div>\t\t\t\t\t\t\n\t\t\t<\/article>\n\t\t\t\n\t\t\n\t<\/div>\n<\/div><\/div><\/div><\/div><\/div><\/div><\/div><\/div>","protected":false},"excerpt":{"rendered":"<p>Una bonita sonrisa contribuye a un mejor estado de \u00e1nimo, afecta a la autoestima y nos permite dar una buena impresi\u00f3n a los dem\u00e1s.<\/p>\n","protected":false},"author":1,"featured_media":2752,"parent":968,"menu_order":0,"comment_status":"closed","ping_status":"closed","template":"","meta":{"footnotes":""},"class_list":["post-1054","page","type-page","status-publish","has-post-thumbnail","hentry"],"_links":{"self":[{"href":"https:\/\/servismile.pro\/index.php\/wp-json\/wp\/v2\/pages\/1054","targetHints":{"allow":["GET"]}}],"collection":[{"href":"https:\/\/servismile.pro\/index.php\/wp-json\/wp\/v2\/pages"}],"about":[{"href":"https:\/\/servismile.pro\/index.php\/wp-json\/wp\/v2\/types\/page"}],"author":[{"embeddable":true,"href":"https:\/\/servismile.pro\/index.php\/wp-json\/wp\/v2\/users\/1"}],"replies":[{"embeddable":true,"href":"https:\/\/servismile.pro\/index.php\/wp-json\/wp\/v2\/comments?post=1054"}],"version-history":[{"count":9,"href":"https:\/\/servismile.pro\/index.php\/wp-json\/wp\/v2\/pages\/1054\/revisions"}],"predecessor-version":[{"id":2877,"href":"https:\/\/servismile.pro\/index.php\/wp-json\/wp\/v2\/pages\/1054\/revisions\/2877"}],"up":[{"embeddable":true,"href":"https:\/\/servismile.pro\/index.php\/wp-json\/wp\/v2\/pages\/968"}],"wp:featuredmedia":[{"embeddable":true,"href":"https:\/\/servismile.pro\/index.php\/wp-json\/wp\/v2\/media\/2752"}],"wp:attachment":[{"href":"https:\/\/servismile.pro\/index.php\/wp-json\/wp\/v2\/media?parent=1054"}],"curies":[{"name":"wp","href":"https:\/\/api.w.org\/{rel}","templated":true}]}}